{"id":178,"date":"2014-10-29T09:42:14","date_gmt":"2014-10-29T09:42:14","guid":{"rendered":"http:\/\/localhost\/GestioFelanitx\/inicio-2\/"},"modified":"2025-08-14T10:48:39","modified_gmt":"2025-08-14T10:48:39","slug":"inici","status":"publish","type":"page","link":"https:\/\/www.gestiofelanitx.com\/ca\/","title":{"rendered":"Inici"},"content":{"rendered":"<div class=\"wpb-content-wrapper\"><p>[vc_row][vc_column][rev_slider_vc alias=&#8221;homecat&#8221;][\/vc_column][\/vc_row][vc_row][vc_column width=&#8221;5\/6&#8243; font_color=&#8221;#ffffff&#8221;][vc_column_text css_animation=&#8221;top-to-bottom&#8221;]<\/p>\n<p style=\"text-align: left; margin-top: 20px; margin-left: 30px; line-height: 30px;\"><span style=\"font-size: 24pt; font-weight: bold; color: #00559a;\">Gesti\u00f3 Felanitx<\/span><br \/>\n<span style=\"font-size: 24pt; font-weight: 300; color: #505050;\">\u00e9s agent exclusiu d&#8217;<\/span><span style=\"font-size: 24pt; font-weight: bold; color: #00559a;\">ALLIANZ<\/span>[\/vc_column_text][\/vc_column][vc_column width=&#8221;1\/6&#8243;][vc_single_image image=&#8221;326&#8243; css_animation=&#8221;appear&#8221;][\/vc_column][\/vc_row][vc_row css=&#8221;.vc_custom_1415090794352{margin-right: 3px !important;margin-left: 3px !important;padding-top: 15px !important;padding-right: 15px !important;padding-bottom: 15px !important;padding-left: 15px !important;background-color: #505050 !important;}&#8221; font_color=&#8221;#ffffff&#8221;][vc_column width=&#8221;1\/2&#8243;][vc_column_text css_animation=&#8221;left-to-right&#8221; css=&#8221;&#8221;]<span style=\"color: #019cdc; font-weight: 300; font-size: 24px;\">Gesti\u00f3 Felanitx \u00e9s:<\/span><\/p>\n<ul style=\"list-style-type: square;\" class=\"blanco\">\n<li>Vocaci\u00f3 de servei personalitzat<\/li>\n<li>Noves solucions a l&#8217;assegurament, previsi\u00f3 i estalvi<\/li>\n<li>Assessorament especialitzat a empreses i particulars<\/li>\n<li>Confian\u00e7a<\/li>\n<\/ul>\n<p>[\/vc_column_text][\/vc_column][vc_column width=&#8221;1\/2&#8243;][vc_column_text css_animation=&#8221;right-to-left&#8221; css=&#8221;&#8221;]<span style=\"color: #019cdc; font-weight: 300; font-size: 24px;\">ALLIANZ \u00e9s:<\/span><\/p>\n<ul style=\"list-style-type: square;\" class=\"blanco\">\n<li>Estabilitat<\/li>\n<li>Seguretat<\/li>\n<li>Solv\u00e8ncia<\/li>\n<li>Fortalesa<\/li>\n<li>La companyia n\u00famero 1 d&#8217;Europa<\/li>\n<\/ul>\n<p>[\/vc_column_text][\/vc_column][\/vc_row]<\/p>\n<\/div>","protected":false},"excerpt":{"rendered":"<p>[vc_row][vc_column][rev_slider_vc alias=&#8221;homecat&#8221;][\/vc_column][\/vc_row][vc_row][vc_column width=&#8221;5\/6&#8243; font_color=&#8221;#ffffff&#8221;][vc_column_text css_animation=&#8221;top-to-bottom&#8221;] Gesti\u00f3 Felanitx \u00e9s agent exclusiu d&#8217;ALLIANZ[\/vc_column_text][\/vc_column][vc_column width=&#8221;1\/6&#8243;][vc_single_image image=&#8221;326&#8243; css_animation=&#8221;appear&#8221;][\/vc_column][\/vc_row][vc_row css=&#8221;.vc_custom_1415090794352{margin-right: 3px !important;margin-left: 3px !important;padding-top: 15px !important;padding-right: 15px !important;padding-bottom: 15px !important;padding-left: 15px !important;background-color: #505050 !important;}&#8221; font_color=&#8221;#ffffff&#8221;][vc_column width=&#8221;1\/2&#8243;][vc_column_text css_animation=&#8221;left-to-right&#8221; css=&#8221;&#8221;]Gesti\u00f3 Felanitx \u00e9s: Vocaci\u00f3 de servei personalitzat Noves solucions a l&#8217;assegurament, previsi\u00f3 i estalvi Assessorament especialitzat a empreses i particulars Confian\u00e7a [\/vc_column_text][\/vc_column][vc_column width=&#8221;1\/2&#8243;][vc_column_text [&hellip;]<\/p>\n","protected":false},"author":1,"featured_media":0,"parent":0,"menu_order":0,"comment_status":"closed","ping_status":"closed","template":"page-home.php","meta":{"footnotes":""},"class_list":["post-178","page","type-page","status-publish","hentry","no-featured-image"],"yoast_head":"<!-- This site is optimized with the Yoast SEO plugin v25.7 - https:\/\/yoast.com\/wordpress\/plugins\/seo\/ -->\n<title>Assegurances GESTIO FELANITX, agent ALLIANZ a Mallorca<\/title>\n<meta name=\"description\" content=\"Companyia d&#039;assegurances i inversions Gesti\u00f3 Felanitx a Mallorca, es agent de ALLIANZ. Assegurances de cotxe, llar, vida, per a particulars i empreses.\" \/>\n<meta name=\"robots\" content=\"index, follow, max-snippet:-1, max-image-preview:large, max-video-preview:-1\" \/>\n<link rel=\"canonical\" href=\"https:\/\/www.gestiofelanitx.com\/ca\/\" \/>\n<meta property=\"og:locale\" content=\"ca_ES\" \/>\n<meta property=\"og:type\" content=\"article\" \/>\n<meta property=\"og:title\" content=\"Assegurances GESTIO FELANITX, agent ALLIANZ a Mallorca\" \/>\n<meta property=\"og:description\" content=\"Companyia d&#039;assegurances i inversions Gesti\u00f3 Felanitx a Mallorca, es agent de ALLIANZ. Assegurances de cotxe, llar, vida, per a particulars i empreses.\" \/>\n<meta property=\"og:url\" content=\"https:\/\/www.gestiofelanitx.com\/ca\/\" \/>\n<meta property=\"og:site_name\" content=\"Gesti\u00f3 Felanitx\" \/>\n<meta property=\"article:modified_time\" content=\"2025-08-14T10:48:39+00:00\" \/>\n<meta name=\"twitter:label1\" content=\"Temps estimat de lectura\" \/>\n\t<meta name=\"twitter:data1\" content=\"1 minut\" \/>\n<script type=\"application\/ld+json\" class=\"yoast-schema-graph\">{\"@context\":\"https:\/\/schema.org\",\"@graph\":[{\"@type\":\"WebPage\",\"@id\":\"https:\/\/www.gestiofelanitx.com\/ca\/\",\"url\":\"https:\/\/www.gestiofelanitx.com\/ca\/\",\"name\":\"Assegurances GESTIO FELANITX, agent ALLIANZ a Mallorca\",\"isPartOf\":{\"@id\":\"https:\/\/www.gestiofelanitx.com\/#website\"},\"datePublished\":\"2014-10-29T09:42:14+00:00\",\"dateModified\":\"2025-08-14T10:48:39+00:00\",\"description\":\"Companyia d'assegurances i inversions Gesti\u00f3 Felanitx a Mallorca, es agent de ALLIANZ. Assegurances de cotxe, llar, vida, per a particulars i empreses.\",\"breadcrumb\":{\"@id\":\"https:\/\/www.gestiofelanitx.com\/ca\/#breadcrumb\"},\"inLanguage\":\"ca\",\"potentialAction\":[{\"@type\":\"ReadAction\",\"target\":[\"https:\/\/www.gestiofelanitx.com\/ca\/\"]}]},{\"@type\":\"BreadcrumbList\",\"@id\":\"https:\/\/www.gestiofelanitx.com\/ca\/#breadcrumb\",\"itemListElement\":[{\"@type\":\"ListItem\",\"position\":1,\"name\":\"Portada\",\"item\":\"https:\/\/www.gestiofelanitx.com\/ca\/\"},{\"@type\":\"ListItem\",\"position\":2,\"name\":\"Inici\"}]},{\"@type\":\"WebSite\",\"@id\":\"https:\/\/www.gestiofelanitx.com\/#website\",\"url\":\"https:\/\/www.gestiofelanitx.com\/\",\"name\":\"Gesti\u00f3 Felanitx\",\"description\":\"Agente exclusivo de ALLIANZ \/ Agent exclusiu d&#039;Allianz\",\"potentialAction\":[{\"@type\":\"SearchAction\",\"target\":{\"@type\":\"EntryPoint\",\"urlTemplate\":\"https:\/\/www.gestiofelanitx.com\/?s={search_term_string}\"},\"query-input\":{\"@type\":\"PropertyValueSpecification\",\"valueRequired\":true,\"valueName\":\"search_term_string\"}}],\"inLanguage\":\"ca\"}]}<\/script>\n<!-- \/ Yoast SEO plugin. -->","yoast_head_json":{"title":"Assegurances GESTIO FELANITX, agent ALLIANZ a Mallorca","description":"Companyia d'assegurances i inversions Gesti\u00f3 Felanitx a Mallorca, es agent de ALLIANZ. Assegurances de cotxe, llar, vida, per a particulars i empreses.","robots":{"index":"index","follow":"follow","max-snippet":"max-snippet:-1","max-image-preview":"max-image-preview:large","max-video-preview":"max-video-preview:-1"},"canonical":"https:\/\/www.gestiofelanitx.com\/ca\/","og_locale":"ca_ES","og_type":"article","og_title":"Assegurances GESTIO FELANITX, agent ALLIANZ a Mallorca","og_description":"Companyia d'assegurances i inversions Gesti\u00f3 Felanitx a Mallorca, es agent de ALLIANZ. Assegurances de cotxe, llar, vida, per a particulars i empreses.","og_url":"https:\/\/www.gestiofelanitx.com\/ca\/","og_site_name":"Gesti\u00f3 Felanitx","article_modified_time":"2025-08-14T10:48:39+00:00","twitter_misc":{"Temps estimat de lectura":"1 minut"},"schema":{"@context":"https:\/\/schema.org","@graph":[{"@type":"WebPage","@id":"https:\/\/www.gestiofelanitx.com\/ca\/","url":"https:\/\/www.gestiofelanitx.com\/ca\/","name":"Assegurances GESTIO FELANITX, agent ALLIANZ a Mallorca","isPartOf":{"@id":"https:\/\/www.gestiofelanitx.com\/#website"},"datePublished":"2014-10-29T09:42:14+00:00","dateModified":"2025-08-14T10:48:39+00:00","description":"Companyia d'assegurances i inversions Gesti\u00f3 Felanitx a Mallorca, es agent de ALLIANZ. Assegurances de cotxe, llar, vida, per a particulars i empreses.","breadcrumb":{"@id":"https:\/\/www.gestiofelanitx.com\/ca\/#breadcrumb"},"inLanguage":"ca","potentialAction":[{"@type":"ReadAction","target":["https:\/\/www.gestiofelanitx.com\/ca\/"]}]},{"@type":"BreadcrumbList","@id":"https:\/\/www.gestiofelanitx.com\/ca\/#breadcrumb","itemListElement":[{"@type":"ListItem","position":1,"name":"Portada","item":"https:\/\/www.gestiofelanitx.com\/ca\/"},{"@type":"ListItem","position":2,"name":"Inici"}]},{"@type":"WebSite","@id":"https:\/\/www.gestiofelanitx.com\/#website","url":"https:\/\/www.gestiofelanitx.com\/","name":"Gesti\u00f3 Felanitx","description":"Agente exclusivo de ALLIANZ \/ Agent exclusiu d&#039;Allianz","potentialAction":[{"@type":"SearchAction","target":{"@type":"EntryPoint","urlTemplate":"https:\/\/www.gestiofelanitx.com\/?s={search_term_string}"},"query-input":{"@type":"PropertyValueSpecification","valueRequired":true,"valueName":"search_term_string"}}],"inLanguage":"ca"}]}},"_links":{"self":[{"href":"https:\/\/www.gestiofelanitx.com\/ca\/wp-json\/wp\/v2\/pages\/178","targetHints":{"allow":["GET"]}}],"collection":[{"href":"https:\/\/www.gestiofelanitx.com\/ca\/wp-json\/wp\/v2\/pages"}],"about":[{"href":"https:\/\/www.gestiofelanitx.com\/ca\/wp-json\/wp\/v2\/types\/page"}],"author":[{"embeddable":true,"href":"https:\/\/www.gestiofelanitx.com\/ca\/wp-json\/wp\/v2\/users\/1"}],"replies":[{"embeddable":true,"href":"https:\/\/www.gestiofelanitx.com\/ca\/wp-json\/wp\/v2\/comments?post=178"}],"version-history":[{"count":7,"href":"https:\/\/www.gestiofelanitx.com\/ca\/wp-json\/wp\/v2\/pages\/178\/revisions"}],"predecessor-version":[{"id":1139,"href":"https:\/\/www.gestiofelanitx.com\/ca\/wp-json\/wp\/v2\/pages\/178\/revisions\/1139"}],"wp:attachment":[{"href":"https:\/\/www.gestiofelanitx.com\/ca\/wp-json\/wp\/v2\/media?parent=178"}],"curies":[{"name":"wp","href":"https:\/\/api.w.org\/{rel}","templated":true}]}}