{"id":186,"date":"2014-10-29T09:43:46","date_gmt":"2014-10-29T09:43:46","guid":{"rendered":"http:\/\/localhost\/GestioFelanitx\/conoce-allianz-2\/"},"modified":"2020-08-13T10:24:30","modified_gmt":"2020-08-13T10:24:30","slug":"conoce-allianz","status":"publish","type":"page","link":"https:\/\/www.gestiofelanitx.com\/ca\/conoce-allianz\/","title":{"rendered":"Coneix Allianz"},"content":{"rendered":"<div class=\"wpb-content-wrapper\"><p>[vc_row][vc_column width=&#8221;1\/1&#8243;][rev_slider_vc alias=&#8221;allianz&#8221;][vc_column_text]<\/p>\n<h1 style=\"text-align: left;\">ALLIANZ, companyia l\u00edder en el sector<\/h1>\n<p>[\/vc_column_text][\/vc_column][\/vc_row][vc_row][vc_column width=&#8221;1\/1&#8243;][vc_column_text]El <strong>Grup ALLIANZ<\/strong> \u00e9s garantia d\u2019estabilitat, fortalesa, seguretat, confian\u00e7a i bon assessorament. El seu rating de solv\u00e8ncia est\u00e0 entre els millors de les principals asseguradores mundials, superant de sobra els requisits legals exigits. El <strong>Grup ALLIANZ<\/strong> a Espanya compta amb la confian\u00e7a de m\u00e9s de 3,8 milions d\u2019assegurats, que tenen m\u00e9s de 6 milions de p\u00f2lisses i prop de 900.000 part\u00edceps de fons de pensions i inversi\u00f3, que han fet que <strong>ALLIANZ<\/strong> sigui la companyia m\u00e9s recomenada del sector assegurador per quart any consecutiu (segons l\u2019\u00cdndex de Promotors Nets \u2013NPS en les seves sigles en angl\u00e8s-), tant per clients com per mediadors.<\/p>\n<p>El <strong>grup ALLIANZ<\/strong> mant\u00e9 a l\u2019actualitat una xarxa de m\u00e9s d\u201913.000 mediadors arreu de la geografia espanyola, dels quals els 100 m\u00e9s destacats formen l\u2019anomenat Club d\u2019Excel\u2022l\u00e8ncia. <strong>Gesti\u00f3 Felanitx<\/strong> forma part d\u2019aquest club, essent un agent excel\u2022lent de la companyia des de la creaci\u00f3 del mateix i de forma ininterrompuda.[\/vc_column_text][vc_column_text]<\/p>\n<h2>Allianz en 2 minuts (v\u00eddeo)<\/h2>\n<p>[\/vc_column_text][vc_column_text]<video poster=\"https:\/\/www.gestiofelanitx.com\/\/wp-content\/uploads\/2015\/03\/caratula.jpg\" controls=\"controls\" width=\"100%\" height=\"auto\"><source src=\"https:\/\/www.gestiofelanitx.com\/\/wp-content\/uploads\/2015\/03\/Allianz-HD.mp4\" type=\"video\/mp4\" \/>Your browser does not support the video tag.<\/video>[\/vc_column_text][\/vc_column][\/vc_row][vc_row][vc_column width=&#8221;1\/2&#8243;][vc_column_text]<a href=\"https:\/\/www.gestiofelanitx.com\/wp-content\/uploads\/2014\/10\/InformAllianz_02_b.pdf\" target=\"_blank\"><img loading=\"lazy\" decoding=\"async\" class=\"alignnone size-full wp-image-223\" src=\"https:\/\/www.gestiofelanitx.com\/wp-content\/uploads\/2014\/10\/allianzsolvencia-ca.png\" alt=\"allianzsolvencia-ca\" width=\"302\" height=\"133\" srcset=\"https:\/\/www.gestiofelanitx.com\/wp-content\/uploads\/2014\/10\/allianzsolvencia-ca.png 302w, https:\/\/www.gestiofelanitx.com\/wp-content\/uploads\/2014\/10\/allianzsolvencia-ca-300x132.png 300w\" sizes=\"auto, (max-width: 302px) 100vw, 302px\" \/><\/a>[\/vc_column_text][\/vc_column][vc_column width=&#8221;1\/2&#8243;][vc_column_text]<img loading=\"lazy\" decoding=\"async\" class=\"alignright size-full wp-image-326\" src=\"https:\/\/www.gestiofelanitx.com\/wp-content\/uploads\/2014\/10\/clubexcelecnia-ca.png\" alt=\"clubexcelecnia-ca\" width=\"142\" height=\"142\" \/>[\/vc_column_text][\/vc_column][\/vc_row][vc_row][vc_column width=&#8221;1\/1&#8243;][vc_column_text]M\u00e9s informaci\u00f3 a <a href=\"https:\/\/www.allianz.es\/\">www.allianz.es<\/a>[\/vc_column_text][\/vc_column][\/vc_row]<\/p>\n<\/div>","protected":false},"excerpt":{"rendered":"<p>[vc_row][vc_column width=&#8221;1\/1&#8243;][rev_slider_vc alias=&#8221;allianz&#8221;][vc_column_text] ALLIANZ, companyia l\u00edder en el sector [\/vc_column_text][\/vc_column][\/vc_row][vc_row][vc_column width=&#8221;1\/1&#8243;][vc_column_text]El Grup ALLIANZ \u00e9s garantia d\u2019estabilitat, fortalesa, seguretat, confian\u00e7a i bon assessorament. El seu rating de solv\u00e8ncia est\u00e0 entre els millors de les principals asseguradores mundials, superant de sobra els requisits legals exigits. El Grup ALLIANZ a Espanya compta amb la confian\u00e7a de m\u00e9s de [&hellip;]<\/p>\n","protected":false},"author":1,"featured_media":0,"parent":0,"menu_order":0,"comment_status":"closed","ping_status":"closed","template":"page-empresa.php","meta":{"footnotes":""},"class_list":["post-186","page","type-page","status-publish","hentry","no-featured-image"],"yoast_head":"<!-- This site is optimized with the Yoast SEO plugin v25.7 - https:\/\/yoast.com\/wordpress\/plugins\/seo\/ -->\n<title>GESTI\u00d3 FELANITX, agent del grup ALLIANZ Seguros<\/title>\n<meta name=\"description\" content=\"Gesti\u00f3 Felanitx, Companyia d&#039;assegurances de cotxe, llar, vida, per a Particulars i Empreses, es agent de Allianz, l\u00edder amb assegurances a nivell mundial\" \/>\n<meta name=\"robots\" content=\"index, follow, max-snippet:-1, max-image-preview:large, max-video-preview:-1\" \/>\n<link rel=\"canonical\" href=\"https:\/\/www.gestiofelanitx.com\/ca\/conoce-allianz\/\" \/>\n<meta property=\"og:locale\" content=\"ca_ES\" \/>\n<meta property=\"og:type\" content=\"article\" \/>\n<meta property=\"og:title\" content=\"GESTI\u00d3 FELANITX, agent del grup ALLIANZ Seguros\" \/>\n<meta property=\"og:description\" content=\"Gesti\u00f3 Felanitx, Companyia d&#039;assegurances de cotxe, llar, vida, per a Particulars i Empreses, es agent de Allianz, l\u00edder amb assegurances a nivell mundial\" \/>\n<meta property=\"og:url\" content=\"https:\/\/www.gestiofelanitx.com\/ca\/conoce-allianz\/\" \/>\n<meta property=\"og:site_name\" content=\"Gesti\u00f3 Felanitx\" \/>\n<meta property=\"article:modified_time\" content=\"2020-08-13T10:24:30+00:00\" \/>\n<meta property=\"og:image\" content=\"https:\/\/www.gestiofelanitx.com\/wp-content\/uploads\/2014\/10\/allianzsolvencia-ca.png\" \/>\n\t<meta property=\"og:image:width\" content=\"302\" \/>\n\t<meta property=\"og:image:height\" content=\"133\" \/>\n\t<meta property=\"og:image:type\" content=\"image\/png\" \/>\n<meta name=\"twitter:label1\" content=\"Temps estimat de lectura\" \/>\n\t<meta name=\"twitter:data1\" content=\"1 minut\" \/>\n<script type=\"application\/ld+json\" class=\"yoast-schema-graph\">{\"@context\":\"https:\/\/schema.org\",\"@graph\":[{\"@type\":\"WebPage\",\"@id\":\"https:\/\/www.gestiofelanitx.com\/ca\/conoce-allianz\/\",\"url\":\"https:\/\/www.gestiofelanitx.com\/ca\/conoce-allianz\/\",\"name\":\"GESTI\u00d3 FELANITX, agent del grup ALLIANZ Seguros\",\"isPartOf\":{\"@id\":\"https:\/\/www.gestiofelanitx.com\/#website\"},\"primaryImageOfPage\":{\"@id\":\"https:\/\/www.gestiofelanitx.com\/ca\/conoce-allianz\/#primaryimage\"},\"image\":{\"@id\":\"https:\/\/www.gestiofelanitx.com\/ca\/conoce-allianz\/#primaryimage\"},\"thumbnailUrl\":\"https:\/\/www.gestiofelanitx.com\/wp-content\/uploads\/2014\/10\/allianzsolvencia-ca.png\",\"datePublished\":\"2014-10-29T09:43:46+00:00\",\"dateModified\":\"2020-08-13T10:24:30+00:00\",\"description\":\"Gesti\u00f3 Felanitx, Companyia d'assegurances de cotxe, llar, vida, per a Particulars i Empreses, es agent de Allianz, l\u00edder amb assegurances a nivell mundial\",\"breadcrumb\":{\"@id\":\"https:\/\/www.gestiofelanitx.com\/ca\/conoce-allianz\/#breadcrumb\"},\"inLanguage\":\"ca\",\"potentialAction\":[{\"@type\":\"ReadAction\",\"target\":[\"https:\/\/www.gestiofelanitx.com\/ca\/conoce-allianz\/\"]}]},{\"@type\":\"ImageObject\",\"inLanguage\":\"ca\",\"@id\":\"https:\/\/www.gestiofelanitx.com\/ca\/conoce-allianz\/#primaryimage\",\"url\":\"https:\/\/www.gestiofelanitx.com\/wp-content\/uploads\/2014\/10\/allianzsolvencia-ca.png\",\"contentUrl\":\"https:\/\/www.gestiofelanitx.com\/wp-content\/uploads\/2014\/10\/allianzsolvencia-ca.png\"},{\"@type\":\"BreadcrumbList\",\"@id\":\"https:\/\/www.gestiofelanitx.com\/ca\/conoce-allianz\/#breadcrumb\",\"itemListElement\":[{\"@type\":\"ListItem\",\"position\":1,\"name\":\"Portada\",\"item\":\"https:\/\/www.gestiofelanitx.com\/ca\/\"},{\"@type\":\"ListItem\",\"position\":2,\"name\":\"Coneix Allianz\"}]},{\"@type\":\"WebSite\",\"@id\":\"https:\/\/www.gestiofelanitx.com\/#website\",\"url\":\"https:\/\/www.gestiofelanitx.com\/\",\"name\":\"Gesti\u00f3 Felanitx\",\"description\":\"Agente exclusivo de ALLIANZ \/ Agent exclusiu d&#039;Allianz\",\"potentialAction\":[{\"@type\":\"SearchAction\",\"target\":{\"@type\":\"EntryPoint\",\"urlTemplate\":\"https:\/\/www.gestiofelanitx.com\/?s={search_term_string}\"},\"query-input\":{\"@type\":\"PropertyValueSpecification\",\"valueRequired\":true,\"valueName\":\"search_term_string\"}}],\"inLanguage\":\"ca\"}]}<\/script>\n<!-- \/ Yoast SEO plugin. -->","yoast_head_json":{"title":"GESTI\u00d3 FELANITX, agent del grup ALLIANZ Seguros","description":"Gesti\u00f3 Felanitx, Companyia d'assegurances de cotxe, llar, vida, per a Particulars i Empreses, es agent de Allianz, l\u00edder amb assegurances a nivell mundial","robots":{"index":"index","follow":"follow","max-snippet":"max-snippet:-1","max-image-preview":"max-image-preview:large","max-video-preview":"max-video-preview:-1"},"canonical":"https:\/\/www.gestiofelanitx.com\/ca\/conoce-allianz\/","og_locale":"ca_ES","og_type":"article","og_title":"GESTI\u00d3 FELANITX, agent del grup ALLIANZ Seguros","og_description":"Gesti\u00f3 Felanitx, Companyia d'assegurances de cotxe, llar, vida, per a Particulars i Empreses, es agent de Allianz, l\u00edder amb assegurances a nivell mundial","og_url":"https:\/\/www.gestiofelanitx.com\/ca\/conoce-allianz\/","og_site_name":"Gesti\u00f3 Felanitx","article_modified_time":"2020-08-13T10:24:30+00:00","og_image":[{"width":302,"height":133,"url":"https:\/\/www.gestiofelanitx.com\/wp-content\/uploads\/2014\/10\/allianzsolvencia-ca.png","type":"image\/png"}],"twitter_misc":{"Temps estimat de lectura":"1 minut"},"schema":{"@context":"https:\/\/schema.org","@graph":[{"@type":"WebPage","@id":"https:\/\/www.gestiofelanitx.com\/ca\/conoce-allianz\/","url":"https:\/\/www.gestiofelanitx.com\/ca\/conoce-allianz\/","name":"GESTI\u00d3 FELANITX, agent del grup ALLIANZ Seguros","isPartOf":{"@id":"https:\/\/www.gestiofelanitx.com\/#website"},"primaryImageOfPage":{"@id":"https:\/\/www.gestiofelanitx.com\/ca\/conoce-allianz\/#primaryimage"},"image":{"@id":"https:\/\/www.gestiofelanitx.com\/ca\/conoce-allianz\/#primaryimage"},"thumbnailUrl":"https:\/\/www.gestiofelanitx.com\/wp-content\/uploads\/2014\/10\/allianzsolvencia-ca.png","datePublished":"2014-10-29T09:43:46+00:00","dateModified":"2020-08-13T10:24:30+00:00","description":"Gesti\u00f3 Felanitx, Companyia d'assegurances de cotxe, llar, vida, per a Particulars i Empreses, es agent de Allianz, l\u00edder amb assegurances a nivell mundial","breadcrumb":{"@id":"https:\/\/www.gestiofelanitx.com\/ca\/conoce-allianz\/#breadcrumb"},"inLanguage":"ca","potentialAction":[{"@type":"ReadAction","target":["https:\/\/www.gestiofelanitx.com\/ca\/conoce-allianz\/"]}]},{"@type":"ImageObject","inLanguage":"ca","@id":"https:\/\/www.gestiofelanitx.com\/ca\/conoce-allianz\/#primaryimage","url":"https:\/\/www.gestiofelanitx.com\/wp-content\/uploads\/2014\/10\/allianzsolvencia-ca.png","contentUrl":"https:\/\/www.gestiofelanitx.com\/wp-content\/uploads\/2014\/10\/allianzsolvencia-ca.png"},{"@type":"BreadcrumbList","@id":"https:\/\/www.gestiofelanitx.com\/ca\/conoce-allianz\/#breadcrumb","itemListElement":[{"@type":"ListItem","position":1,"name":"Portada","item":"https:\/\/www.gestiofelanitx.com\/ca\/"},{"@type":"ListItem","position":2,"name":"Coneix Allianz"}]},{"@type":"WebSite","@id":"https:\/\/www.gestiofelanitx.com\/#website","url":"https:\/\/www.gestiofelanitx.com\/","name":"Gesti\u00f3 Felanitx","description":"Agente exclusivo de ALLIANZ \/ Agent exclusiu d&#039;Allianz","potentialAction":[{"@type":"SearchAction","target":{"@type":"EntryPoint","urlTemplate":"https:\/\/www.gestiofelanitx.com\/?s={search_term_string}"},"query-input":{"@type":"PropertyValueSpecification","valueRequired":true,"valueName":"search_term_string"}}],"inLanguage":"ca"}]}},"_links":{"self":[{"href":"https:\/\/www.gestiofelanitx.com\/ca\/wp-json\/wp\/v2\/pages\/186","targetHints":{"allow":["GET"]}}],"collection":[{"href":"https:\/\/www.gestiofelanitx.com\/ca\/wp-json\/wp\/v2\/pages"}],"about":[{"href":"https:\/\/www.gestiofelanitx.com\/ca\/wp-json\/wp\/v2\/types\/page"}],"author":[{"embeddable":true,"href":"https:\/\/www.gestiofelanitx.com\/ca\/wp-json\/wp\/v2\/users\/1"}],"replies":[{"embeddable":true,"href":"https:\/\/www.gestiofelanitx.com\/ca\/wp-json\/wp\/v2\/comments?post=186"}],"version-history":[{"count":12,"href":"https:\/\/www.gestiofelanitx.com\/ca\/wp-json\/wp\/v2\/pages\/186\/revisions"}],"predecessor-version":[{"id":832,"href":"https:\/\/www.gestiofelanitx.com\/ca\/wp-json\/wp\/v2\/pages\/186\/revisions\/832"}],"wp:attachment":[{"href":"https:\/\/www.gestiofelanitx.com\/ca\/wp-json\/wp\/v2\/media?parent=186"}],"curies":[{"name":"wp","href":"https:\/\/api.w.org\/{rel}","templated":true}]}}