{"id":188,"date":"2014-10-29T09:42:27","date_gmt":"2014-10-29T09:42:27","guid":{"rendered":"http:\/\/localhost\/GestioFelanitx\/empresa-2\/"},"modified":"2020-08-13T10:07:15","modified_gmt":"2020-08-13T10:07:15","slug":"empresa-de-assegurances","status":"publish","type":"page","link":"https:\/\/www.gestiofelanitx.com\/ca\/empresa-de-assegurances\/","title":{"rendered":"Empresa"},"content":{"rendered":"<div class=\"wpb-content-wrapper\"><p>[vc_row][vc_column width=&#8221;1\/1&#8243;][rev_slider_vc alias=&#8221;empresa-ca&#8221;][\/vc_column][\/vc_row][vc_row][vc_column width=&#8221;1\/1&#8243;][vc_column_text]<\/p>\n<h1>EMPRESA D&#8217;ASSEGURANCES<\/h1>\n<p><strong>Gesti\u00f3 Felanitx<\/strong> \u00e9s el nom de l\u2019ag\u00e8ncia d\u2019assegurances creada per <strong>Miquel Llu\u00eds Vaquer Ferrer<\/strong> l\u2019any 1992 amb la vocaci\u00f3 d\u2019<strong>atenci\u00f3 personalitzada i assessorament integral<\/strong> i alhora especialitzat per aportar, tant a particulars com empreses, <strong>noves solucions que resolguin totes les necessitats d\u2019assegurament, previsi\u00f3, estalvi i inversi\u00f3<\/strong>. Tot i la fundaci\u00f3 de Gesti\u00f3 Felanitx l\u2019any 1992, Miquel Llu\u00eds Vaquer ja havia iniciat \u2013de forma individual- aquesta tasca dins el m\u00f3n de les assegurances des de l\u2019any 1975.<\/p>\n<p>Ara, amb una cartera de m\u00e9s de 3.000 clients i una experi\u00e8ncia acumulada de m\u00e9s de 40\u00a0anys, <strong>Gesti\u00f3 Felanitx<\/strong> segueix treballant cada dia per complir la vocaci\u00f3 de servei recolzat pels nostres valors de qualitat, innovaci\u00f3, efici\u00e8ncia i orientaci\u00f3 al client i, alhora, tamb\u00e9 complir amb la responsabilitat social que correspon a l\u2019asseguran\u00e7a de fer m\u00e9s f\u00e0cil i segura la vida de les persones i entitats.<\/p>\n<p>Actualment, <strong>Gesti\u00f3 Felanitx<\/strong> est\u00e0 format per un equip de persones especialitzades en els diferents productes asseguradors i d\u2019estalvi i preparades per atorgar amb professionalitat, responsabilitat i rigor un assessorament personalitzat sobre el producte que m\u00e9s s\u2019adapti a les necessitats de cada persona.<\/p>\n<p>Per atendre de la millor manera els seus objectius, <strong>Gesti\u00f3 Felanitx<\/strong> s\u2019ha prove\u00eft de les millors eines, vinculant-se de forma exclusiva a una companyia l\u00edder mundial en el mercat assegurador, <strong>ALLIANZ<\/strong>, un dels grups asseguradors i prove\u00efdors de serveis financers m\u00e9s importants del m\u00f3n.<\/p>\n<p>Amb la fermesa i convicci\u00f3 que el sector de les assegurances requereix una especialitzaci\u00f3 en la mat\u00e8ria i una dedicaci\u00f3 exclusiva a la mateixa, <strong>Gesti\u00f3 Felanitx<\/strong> treballa cont\u00ednuament en la millora al servei i la recerca de la m\u00e0xima qualitat en la contractaci\u00f3 i assessorament de tota l\u2019\u00e0mplia varietat de productes i garanties que una companyia l\u00edder -amb experi\u00e8ncia, capacitat i solv\u00e8ncia- com ALLIANZ ofereix.<\/p>\n<p>Aix\u00ed doncs, <strong>Gesti\u00f3 Felanitx<\/strong> posa a disposici\u00f3 dels clients i persones i entitats en general les millors solucions d\u2019assegurament i previsi\u00f3 i estalvi del mercat, adaptant-les a cada cas particular. Compta amb una de les gammes de productes m\u00e9s completa i innovadora, que van des de l\u2019\u00e0mbit personal i familiar a l\u2019empresarial, atorgant cobertura davant qualsevol possible situaci\u00f3 de risc, planificant el futur de les fam\u00edlies i entitats mitjan\u00e7ant productes d\u2019estalvi i inversi\u00f3 novedosos i avantatjosos, des de les assegurances m\u00e9s b\u00e0siques fins a les solucions asseguradores personalitzades m\u00e9s complexes.<\/p>\n<p>La seguretat, la garantia i un assessorament de qualitat i professional s\u00f3n elements que cobren valor en un entorn com l\u2019actual. A m\u00e9s, seguint la seva l\u00ednia de servei, <strong>Gesti\u00f3 Felanitx<\/strong> ha creat una secci\u00f3 exclussivament dedicada a l\u2019atenci\u00f3 personalitzada i seguiment dels sinistres ocorreguts als seus clients, considerant que \u00e9s en aquesta atenci\u00f3 i efici\u00e8ncia en la gesti\u00f3 dels sinistres on es demostra la qualitat dels diferents productes d\u2019assegurances.<\/p>\n<p>La companyia d\u2019assegurances ALLIANZ \u00e9s garantia d\u2019estabilitat, fortalesa, seguretat, confian\u00e7a i bon assessorament. El rating de solv\u00e8ncia del grup ALLIANZ est\u00e0 entre els millors de les principals asseguradores mundials, superant de sobra els requisits legals exigits. El Grup ALLIANZ a Espanya compta amb la confian\u00e7a de m\u00e9s de 3,8 milions d\u2019assegurats, que tenen m\u00e9s de 6 milions de p\u00f2lisses i prop de 900.000 part\u00edceps de fons de pensions i inversi\u00f3, que han fet que ALLIANZ sigui la companyia m\u00e9s recomenada del sector assegurador per quart any consecutiu (segons l\u2019\u00cdndex de Promotors Nets \u2013NPS en les seves sigles en angl\u00e8s-), tant per clients com per mediadors.<\/p>\n<p>El grup ALLIANZ mant\u00e9 a l\u2019actualitat una extensa xarxa de m\u00e9s d\u201913.000 mediadors arreu de la geografia espanyola, dels quals els 100 m\u00e9s destacats formen l\u2019anomenat Club d\u2019Excel\u2022l\u00e8ncia. <strong>Gesti\u00f3 Felanitx<\/strong> forma part d\u2019aquest Club, essent un agent excel\u2022lent de la companyia des de la creaci\u00f3 del mateix de forma ininterrompuda.[\/vc_column_text][\/vc_column][\/vc_row][vc_row][vc_column width=&#8221;1\/1&#8243;][vc_column_text]<a href=\"https:\/\/www.gestiofelanitx.com\/ca\/productes\/\"><img loading=\"lazy\" decoding=\"async\" class=\"alignnone size-full wp-image-305\" src=\"https:\/\/www.gestiofelanitx.com\/wp-content\/uploads\/2014\/10\/banner-pie-ca.png\" alt=\"banner-pie-ca\" width=\"623\" height=\"148\" srcset=\"https:\/\/www.gestiofelanitx.com\/wp-content\/uploads\/2014\/10\/banner-pie-ca.png 623w, https:\/\/www.gestiofelanitx.com\/wp-content\/uploads\/2014\/10\/banner-pie-ca-300x71.png 300w\" sizes=\"auto, (max-width: 623px) 100vw, 623px\" \/><\/a>[\/vc_column_text][\/vc_column][\/vc_row]<\/p>\n<\/div>","protected":false},"excerpt":{"rendered":"<p>[vc_row][vc_column width=&#8221;1\/1&#8243;][rev_slider_vc alias=&#8221;empresa-ca&#8221;][\/vc_column][\/vc_row][vc_row][vc_column width=&#8221;1\/1&#8243;][vc_column_text] EMPRESA D&#8217;ASSEGURANCES Gesti\u00f3 Felanitx \u00e9s el nom de l\u2019ag\u00e8ncia d\u2019assegurances creada per Miquel Llu\u00eds Vaquer Ferrer l\u2019any 1992 amb la vocaci\u00f3 d\u2019atenci\u00f3 personalitzada i assessorament integral i alhora especialitzat per aportar, tant a particulars com empreses, noves solucions que resolguin totes les necessitats d\u2019assegurament, previsi\u00f3, estalvi i inversi\u00f3. Tot i la [&hellip;]<\/p>\n","protected":false},"author":1,"featured_media":0,"parent":0,"menu_order":0,"comment_status":"closed","ping_status":"closed","template":"page-empresa.php","meta":{"footnotes":""},"class_list":["post-188","page","type-page","status-publish","hentry","no-featured-image"],"yoast_head":"<!-- This site is optimized with the Yoast SEO plugin v25.7 - https:\/\/yoast.com\/wordpress\/plugins\/seo\/ -->\n<title>Assegurances Gesti\u00f3 Felanitx, agent de ALLIANZ a Mallorca<\/title>\n<meta name=\"description\" content=\"Gestio Felanitx \u00e9s una ag\u00e8ncia d&#039;assegurances des de 1992 i \u00e9s agent de la companyia ALLIANZ, l\u00edder d&#039;assegurances a nivell mundial\" \/>\n<meta name=\"robots\" content=\"index, follow, max-snippet:-1, max-image-preview:large, max-video-preview:-1\" \/>\n<link rel=\"canonical\" href=\"https:\/\/www.gestiofelanitx.com\/empresa-de-seguros\/\" \/>\n<meta property=\"og:locale\" content=\"ca_ES\" \/>\n<meta property=\"og:type\" content=\"article\" \/>\n<meta property=\"og:title\" content=\"Assegurances Gesti\u00f3 Felanitx, agent de ALLIANZ a Mallorca\" \/>\n<meta property=\"og:description\" content=\"Gestio Felanitx \u00e9s una ag\u00e8ncia d&#039;assegurances des de 1992 i \u00e9s agent de la companyia ALLIANZ, l\u00edder d&#039;assegurances a nivell mundial\" \/>\n<meta property=\"og:url\" content=\"https:\/\/www.gestiofelanitx.com\/empresa-de-seguros\/\" \/>\n<meta property=\"og:site_name\" content=\"Gesti\u00f3 Felanitx\" \/>\n<meta property=\"article:modified_time\" content=\"2020-08-13T10:07:15+00:00\" \/>\n<meta property=\"og:image\" content=\"https:\/\/www.gestiofelanitx.com\/wp-content\/uploads\/2014\/10\/banner-pie-ca.png\" \/>\n\t<meta property=\"og:image:width\" content=\"623\" \/>\n\t<meta property=\"og:image:height\" content=\"148\" \/>\n\t<meta property=\"og:image:type\" content=\"image\/png\" \/>\n<meta name=\"twitter:label1\" content=\"Temps estimat de lectura\" \/>\n\t<meta name=\"twitter:data1\" content=\"4 minuts\" \/>\n<script type=\"application\/ld+json\" class=\"yoast-schema-graph\">{\"@context\":\"https:\/\/schema.org\",\"@graph\":[{\"@type\":\"WebPage\",\"@id\":\"https:\/\/www.gestiofelanitx.com\/empresa-de-seguros\/\",\"url\":\"https:\/\/www.gestiofelanitx.com\/empresa-de-seguros\/\",\"name\":\"Assegurances Gesti\u00f3 Felanitx, agent de ALLIANZ a Mallorca\",\"isPartOf\":{\"@id\":\"https:\/\/www.gestiofelanitx.com\/#website\"},\"primaryImageOfPage\":{\"@id\":\"https:\/\/www.gestiofelanitx.com\/empresa-de-seguros\/#primaryimage\"},\"image\":{\"@id\":\"https:\/\/www.gestiofelanitx.com\/empresa-de-seguros\/#primaryimage\"},\"thumbnailUrl\":\"https:\/\/www.gestiofelanitx.com\/wp-content\/uploads\/2014\/10\/banner-pie-ca.png\",\"datePublished\":\"2014-10-29T09:42:27+00:00\",\"dateModified\":\"2020-08-13T10:07:15+00:00\",\"description\":\"Gestio Felanitx \u00e9s una ag\u00e8ncia d'assegurances des de 1992 i \u00e9s agent de la companyia ALLIANZ, l\u00edder d'assegurances a nivell mundial\",\"breadcrumb\":{\"@id\":\"https:\/\/www.gestiofelanitx.com\/empresa-de-seguros\/#breadcrumb\"},\"inLanguage\":\"ca\",\"potentialAction\":[{\"@type\":\"ReadAction\",\"target\":[\"https:\/\/www.gestiofelanitx.com\/empresa-de-seguros\/\"]}]},{\"@type\":\"ImageObject\",\"inLanguage\":\"ca\",\"@id\":\"https:\/\/www.gestiofelanitx.com\/empresa-de-seguros\/#primaryimage\",\"url\":\"https:\/\/www.gestiofelanitx.com\/wp-content\/uploads\/2014\/10\/banner-pie-ca.png\",\"contentUrl\":\"https:\/\/www.gestiofelanitx.com\/wp-content\/uploads\/2014\/10\/banner-pie-ca.png\"},{\"@type\":\"BreadcrumbList\",\"@id\":\"https:\/\/www.gestiofelanitx.com\/empresa-de-seguros\/#breadcrumb\",\"itemListElement\":[{\"@type\":\"ListItem\",\"position\":1,\"name\":\"Portada\",\"item\":\"https:\/\/www.gestiofelanitx.com\/ca\/\"},{\"@type\":\"ListItem\",\"position\":2,\"name\":\"Empresa\"}]},{\"@type\":\"WebSite\",\"@id\":\"https:\/\/www.gestiofelanitx.com\/#website\",\"url\":\"https:\/\/www.gestiofelanitx.com\/\",\"name\":\"Gesti\u00f3 Felanitx\",\"description\":\"Agente exclusivo de ALLIANZ \/ Agent exclusiu d&#039;Allianz\",\"potentialAction\":[{\"@type\":\"SearchAction\",\"target\":{\"@type\":\"EntryPoint\",\"urlTemplate\":\"https:\/\/www.gestiofelanitx.com\/?s={search_term_string}\"},\"query-input\":{\"@type\":\"PropertyValueSpecification\",\"valueRequired\":true,\"valueName\":\"search_term_string\"}}],\"inLanguage\":\"ca\"}]}<\/script>\n<!-- \/ Yoast SEO plugin. -->","yoast_head_json":{"title":"Assegurances Gesti\u00f3 Felanitx, agent de ALLIANZ a Mallorca","description":"Gestio Felanitx \u00e9s una ag\u00e8ncia d'assegurances des de 1992 i \u00e9s agent de la companyia ALLIANZ, l\u00edder d'assegurances a nivell mundial","robots":{"index":"index","follow":"follow","max-snippet":"max-snippet:-1","max-image-preview":"max-image-preview:large","max-video-preview":"max-video-preview:-1"},"canonical":"https:\/\/www.gestiofelanitx.com\/empresa-de-seguros\/","og_locale":"ca_ES","og_type":"article","og_title":"Assegurances Gesti\u00f3 Felanitx, agent de ALLIANZ a Mallorca","og_description":"Gestio Felanitx \u00e9s una ag\u00e8ncia d'assegurances des de 1992 i \u00e9s agent de la companyia ALLIANZ, l\u00edder d'assegurances a nivell mundial","og_url":"https:\/\/www.gestiofelanitx.com\/empresa-de-seguros\/","og_site_name":"Gesti\u00f3 Felanitx","article_modified_time":"2020-08-13T10:07:15+00:00","og_image":[{"width":623,"height":148,"url":"https:\/\/www.gestiofelanitx.com\/wp-content\/uploads\/2014\/10\/banner-pie-ca.png","type":"image\/png"}],"twitter_misc":{"Temps estimat de lectura":"4 minuts"},"schema":{"@context":"https:\/\/schema.org","@graph":[{"@type":"WebPage","@id":"https:\/\/www.gestiofelanitx.com\/empresa-de-seguros\/","url":"https:\/\/www.gestiofelanitx.com\/empresa-de-seguros\/","name":"Assegurances Gesti\u00f3 Felanitx, agent de ALLIANZ a Mallorca","isPartOf":{"@id":"https:\/\/www.gestiofelanitx.com\/#website"},"primaryImageOfPage":{"@id":"https:\/\/www.gestiofelanitx.com\/empresa-de-seguros\/#primaryimage"},"image":{"@id":"https:\/\/www.gestiofelanitx.com\/empresa-de-seguros\/#primaryimage"},"thumbnailUrl":"https:\/\/www.gestiofelanitx.com\/wp-content\/uploads\/2014\/10\/banner-pie-ca.png","datePublished":"2014-10-29T09:42:27+00:00","dateModified":"2020-08-13T10:07:15+00:00","description":"Gestio Felanitx \u00e9s una ag\u00e8ncia d'assegurances des de 1992 i \u00e9s agent de la companyia ALLIANZ, l\u00edder d'assegurances a nivell mundial","breadcrumb":{"@id":"https:\/\/www.gestiofelanitx.com\/empresa-de-seguros\/#breadcrumb"},"inLanguage":"ca","potentialAction":[{"@type":"ReadAction","target":["https:\/\/www.gestiofelanitx.com\/empresa-de-seguros\/"]}]},{"@type":"ImageObject","inLanguage":"ca","@id":"https:\/\/www.gestiofelanitx.com\/empresa-de-seguros\/#primaryimage","url":"https:\/\/www.gestiofelanitx.com\/wp-content\/uploads\/2014\/10\/banner-pie-ca.png","contentUrl":"https:\/\/www.gestiofelanitx.com\/wp-content\/uploads\/2014\/10\/banner-pie-ca.png"},{"@type":"BreadcrumbList","@id":"https:\/\/www.gestiofelanitx.com\/empresa-de-seguros\/#breadcrumb","itemListElement":[{"@type":"ListItem","position":1,"name":"Portada","item":"https:\/\/www.gestiofelanitx.com\/ca\/"},{"@type":"ListItem","position":2,"name":"Empresa"}]},{"@type":"WebSite","@id":"https:\/\/www.gestiofelanitx.com\/#website","url":"https:\/\/www.gestiofelanitx.com\/","name":"Gesti\u00f3 Felanitx","description":"Agente exclusivo de ALLIANZ \/ Agent exclusiu d&#039;Allianz","potentialAction":[{"@type":"SearchAction","target":{"@type":"EntryPoint","urlTemplate":"https:\/\/www.gestiofelanitx.com\/?s={search_term_string}"},"query-input":{"@type":"PropertyValueSpecification","valueRequired":true,"valueName":"search_term_string"}}],"inLanguage":"ca"}]}},"_links":{"self":[{"href":"https:\/\/www.gestiofelanitx.com\/ca\/wp-json\/wp\/v2\/pages\/188","targetHints":{"allow":["GET"]}}],"collection":[{"href":"https:\/\/www.gestiofelanitx.com\/ca\/wp-json\/wp\/v2\/pages"}],"about":[{"href":"https:\/\/www.gestiofelanitx.com\/ca\/wp-json\/wp\/v2\/types\/page"}],"author":[{"embeddable":true,"href":"https:\/\/www.gestiofelanitx.com\/ca\/wp-json\/wp\/v2\/users\/1"}],"replies":[{"embeddable":true,"href":"https:\/\/www.gestiofelanitx.com\/ca\/wp-json\/wp\/v2\/comments?post=188"}],"version-history":[{"count":9,"href":"https:\/\/www.gestiofelanitx.com\/ca\/wp-json\/wp\/v2\/pages\/188\/revisions"}],"predecessor-version":[{"id":821,"href":"https:\/\/www.gestiofelanitx.com\/ca\/wp-json\/wp\/v2\/pages\/188\/revisions\/821"}],"wp:attachment":[{"href":"https:\/\/www.gestiofelanitx.com\/ca\/wp-json\/wp\/v2\/media?parent=188"}],"curies":[{"name":"wp","href":"https:\/\/api.w.org\/{rel}","templated":true}]}}