{"id":190,"date":"2014-10-29T09:43:30","date_gmt":"2014-10-29T09:43:30","guid":{"rendered":"http:\/\/localhost\/GestioFelanitx\/presupuestos-2\/"},"modified":"2020-09-11T07:48:25","modified_gmt":"2020-09-11T07:48:25","slug":"contacte","status":"publish","type":"page","link":"https:\/\/www.gestiofelanitx.com\/ca\/contacte\/","title":{"rendered":"Contacte"},"content":{"rendered":"<div class=\"wpb-content-wrapper\"><p>[vc_row][vc_column width=&#8221;1\/1&#8243;][rev_slider_vc alias=&#8221;contacto&#8221;][\/vc_column][\/vc_row][vc_row][vc_column width=&#8221;1\/1&#8243;][vc_column_text]<\/p>\n<h1>Formulari de contacte<\/h1>\n<p>Escrigui aqu\u00ed les seves dades i\u00a0 li telefonarem a la major brevetat possible.<\/p>\n<p>Demani&#8217;ns qualsevol tipus de q\u00fcesti\u00f3, dubte, pressupost o assessorament, de forma totalment gratu\u00efta.[\/vc_column_text][\/vc_column][\/vc_row][vc_row][vc_column width=&#8221;1\/1&#8243;][vc_separator color=&#8221;custom&#8221; style=&#8221;dashed&#8221; accent_color=&#8221;#225596&#8243;][\/vc_column][\/vc_row][vc_row][vc_column width=&#8221;1\/1&#8243;]\n<div class=\"wpcf7 no-js\" id=\"wpcf7-f238-o1\" lang=\"es-ES\" dir=\"ltr\" data-wpcf7-id=\"238\">\n<div class=\"screen-reader-response\"><p role=\"status\" aria-live=\"polite\" aria-atomic=\"true\"><\/p> <ul><\/ul><\/div>\n<form action=\"\/ca\/wp-json\/wp\/v2\/pages\/190#wpcf7-f238-o1\" method=\"post\" class=\"wpcf7-form init wpcf7-acceptance-as-validation\" aria-label=\"Formulario de contacto\" novalidate=\"novalidate\" data-status=\"init\">\n<fieldset class=\"hidden-fields-container\"><input type=\"hidden\" name=\"_wpcf7\" value=\"238\" \/><input type=\"hidden\" name=\"_wpcf7_version\" value=\"6.1.1\" \/><input type=\"hidden\" name=\"_wpcf7_locale\" value=\"es_ES\" \/><input type=\"hidden\" name=\"_wpcf7_unit_tag\" value=\"wpcf7-f238-o1\" \/><input type=\"hidden\" name=\"_wpcf7_container_post\" value=\"0\" \/><input type=\"hidden\" name=\"_wpcf7_posted_data_hash\" value=\"\" \/>\n<\/fieldset>\n<p>Nom (obligatori)\n<\/p>\n<p><span class=\"wpcf7-form-control-wrap\" data-name=\"your-name\"><input size=\"40\" maxlength=\"400\" class=\"wpcf7-form-control wpcf7-text wpcf7-validates-as-required\" aria-required=\"true\" aria-invalid=\"false\" value=\"\" type=\"text\" name=\"your-name\" \/><\/span>\n<\/p>\n<p>Cognoms\n<\/p>\n<p><span class=\"wpcf7-form-control-wrap\" data-name=\"Apellidos\"><input size=\"40\" maxlength=\"400\" class=\"wpcf7-form-control wpcf7-text\" aria-invalid=\"false\" value=\"\" type=\"text\" name=\"Apellidos\" \/><\/span>\n<\/p>\n<p>E-mail\n<\/p>\n<p><span class=\"wpcf7-form-control-wrap\" data-name=\"your-email\"><input size=\"40\" maxlength=\"400\" class=\"wpcf7-form-control wpcf7-text\" aria-invalid=\"false\" value=\"\" type=\"text\" name=\"your-email\" \/><\/span>\n<\/p>\n<p>Tel\u00e8fon (obligatori)\n<\/p>\n<p><span class=\"wpcf7-form-control-wrap\" data-name=\"telefono\"><input size=\"40\" maxlength=\"400\" class=\"wpcf7-form-control wpcf7-text wpcf7-validates-as-required\" aria-required=\"true\" aria-invalid=\"false\" value=\"\" type=\"text\" name=\"telefono\" \/><\/span>\n<\/p>\n<p>C.P.\n<\/p>\n<p><span class=\"wpcf7-form-control-wrap\" data-name=\"cp\"><input size=\"40\" maxlength=\"400\" class=\"wpcf7-form-control wpcf7-text\" aria-invalid=\"false\" value=\"\" type=\"text\" name=\"cp\" \/><\/span>\n<\/p>\n<p>Ja \u00e9s client d'Allianz?\n<\/p>\n<p><span class=\"wpcf7-form-control-wrap\" data-name=\"cliente\"><span class=\"wpcf7-form-control wpcf7-radio\"><span class=\"wpcf7-list-item first\"><input type=\"radio\" name=\"cliente\" value=\"Si\" \/><span class=\"wpcf7-list-item-label\">Si<\/span><\/span><span class=\"wpcf7-list-item last\"><input type=\"radio\" name=\"cliente\" value=\"No\" \/><span class=\"wpcf7-list-item-label\">No<\/span><\/span><\/span><\/span>\n<\/p>\n<p>Comentaris\n<\/p>\n<p><span class=\"wpcf7-form-control-wrap\" data-name=\"your-message\"><textarea cols=\"40\" rows=\"10\" maxlength=\"2000\" class=\"wpcf7-form-control wpcf7-textarea\" aria-invalid=\"false\" name=\"your-message\"><\/textarea><\/span>\n<\/p>\n<p><input type=\"hidden\" name=\"_wpcf7_captcha_challenge_captcha-383\" value=\"618876010\" \/><img loading=\"lazy\" decoding=\"async\" class=\"wpcf7-form-control wpcf7-captchac wpcf7-captcha-captcha-383\" width=\"72\" height=\"24\" alt=\"captcha\" src=\"https:\/\/www.gestiofelanitx.com\/wp-content\/uploads\/wpcf7_captcha\/618876010.png\" \/><span class=\"wpcf7-form-control-wrap\" data-name=\"captcha-383\"><input size=\"40\" class=\"wpcf7-form-control wpcf7-captchar\" autocomplete=\"off\" aria-invalid=\"false\" value=\"\" type=\"text\" name=\"captcha-383\" \/><\/span>\n<\/p>\n<p><span class=\"wpcf7-form-control-wrap\" data-name=\"acceptance-945\"><span class=\"wpcf7-form-control wpcf7-acceptance\"><span class=\"wpcf7-list-item\"><input type=\"checkbox\" name=\"acceptance-945\" value=\"1\" aria-invalid=\"false\" \/><\/span><\/span><\/span>He llegit i accepto les <a href=\"https:\/\/www.gestiofelanitx.com\/ca\/privacitat-i-seguretat\/\" target=\"_blank\">advert\u00e8ncies legals<\/a>\n<\/p>\n<p><input class=\"wpcf7-form-control wpcf7-submit has-spinner\" type=\"submit\" value=\"Enviar\" \/>\n<\/p><div class=\"wpcf7-response-output\" aria-hidden=\"true\"><\/div>\n<\/form>\n<\/div>\n[\/vc_column][\/vc_row]<\/p>\n<\/div>","protected":false},"excerpt":{"rendered":"<p>[vc_row][vc_column width=&#8221;1\/1&#8243;][rev_slider_vc alias=&#8221;contacto&#8221;][\/vc_column][\/vc_row][vc_row][vc_column width=&#8221;1\/1&#8243;][vc_column_text] Formulari de contacte Escrigui aqu\u00ed les seves dades i\u00a0 li telefonarem a la major brevetat possible. Demani&#8217;ns qualsevol tipus de q\u00fcesti\u00f3, dubte, pressupost o assessorament, de forma totalment gratu\u00efta.[\/vc_column_text][\/vc_column][\/vc_row][vc_row][vc_column width=&#8221;1\/1&#8243;][vc_separator color=&#8221;custom&#8221; style=&#8221;dashed&#8221; accent_color=&#8221;#225596&#8243;][\/vc_column][\/vc_row][vc_row][vc_column width=&#8221;1\/1&#8243;][\/vc_column][\/vc_row]<\/p>\n","protected":false},"author":1,"featured_media":0,"parent":0,"menu_order":0,"comment_status":"closed","ping_status":"closed","template":"page-productos.php","meta":{"footnotes":""},"class_list":["post-190","page","type-page","status-publish","hentry","no-featured-image"],"yoast_head":"<!-- This site is optimized with the Yoast SEO plugin v25.7 - https:\/\/yoast.com\/wordpress\/plugins\/seo\/ -->\n<title>Sol\u00b7licitud de pressupost per a assegurances a Gesti\u00f3 Felanitx<\/title>\n<meta name=\"description\" content=\"Formulari de contacte per a sol\u00b7licitar pressupost o informaci\u00f3 a Gestio Felanitx sobre assegurances de cotxe, llar, vida, per a particulars i empreses\" \/>\n<meta name=\"robots\" content=\"index, follow, max-snippet:-1, max-image-preview:large, max-video-preview:-1\" \/>\n<link rel=\"canonical\" href=\"https:\/\/www.gestiofelanitx.com\/ca\/contacte\/\" \/>\n<meta property=\"og:locale\" content=\"ca_ES\" \/>\n<meta property=\"og:type\" content=\"article\" \/>\n<meta property=\"og:title\" content=\"Sol\u00b7licitud de pressupost per a assegurances a Gesti\u00f3 Felanitx\" \/>\n<meta property=\"og:description\" content=\"Formulari de contacte per a sol\u00b7licitar pressupost o informaci\u00f3 a Gestio Felanitx sobre assegurances de cotxe, llar, vida, per a particulars i empreses\" \/>\n<meta property=\"og:url\" content=\"https:\/\/www.gestiofelanitx.com\/ca\/contacte\/\" \/>\n<meta property=\"og:site_name\" content=\"Gesti\u00f3 Felanitx\" \/>\n<meta property=\"article:modified_time\" content=\"2020-09-11T07:48:25+00:00\" \/>\n<script type=\"application\/ld+json\" class=\"yoast-schema-graph\">{\"@context\":\"https:\/\/schema.org\",\"@graph\":[{\"@type\":\"WebPage\",\"@id\":\"https:\/\/www.gestiofelanitx.com\/ca\/contacte\/\",\"url\":\"https:\/\/www.gestiofelanitx.com\/ca\/contacte\/\",\"name\":\"Sol\u00b7licitud de pressupost per a assegurances a Gesti\u00f3 Felanitx\",\"isPartOf\":{\"@id\":\"https:\/\/www.gestiofelanitx.com\/#website\"},\"datePublished\":\"2014-10-29T09:43:30+00:00\",\"dateModified\":\"2020-09-11T07:48:25+00:00\",\"description\":\"Formulari de contacte per a sol\u00b7licitar pressupost o informaci\u00f3 a Gestio Felanitx sobre assegurances de cotxe, llar, vida, per a particulars i empreses\",\"breadcrumb\":{\"@id\":\"https:\/\/www.gestiofelanitx.com\/ca\/contacte\/#breadcrumb\"},\"inLanguage\":\"ca\",\"potentialAction\":[{\"@type\":\"ReadAction\",\"target\":[\"https:\/\/www.gestiofelanitx.com\/ca\/contacte\/\"]}]},{\"@type\":\"BreadcrumbList\",\"@id\":\"https:\/\/www.gestiofelanitx.com\/ca\/contacte\/#breadcrumb\",\"itemListElement\":[{\"@type\":\"ListItem\",\"position\":1,\"name\":\"Portada\",\"item\":\"https:\/\/www.gestiofelanitx.com\/ca\/\"},{\"@type\":\"ListItem\",\"position\":2,\"name\":\"Contacte\"}]},{\"@type\":\"WebSite\",\"@id\":\"https:\/\/www.gestiofelanitx.com\/#website\",\"url\":\"https:\/\/www.gestiofelanitx.com\/\",\"name\":\"Gesti\u00f3 Felanitx\",\"description\":\"Agente exclusivo de ALLIANZ \/ Agent exclusiu d&#039;Allianz\",\"potentialAction\":[{\"@type\":\"SearchAction\",\"target\":{\"@type\":\"EntryPoint\",\"urlTemplate\":\"https:\/\/www.gestiofelanitx.com\/?s={search_term_string}\"},\"query-input\":{\"@type\":\"PropertyValueSpecification\",\"valueRequired\":true,\"valueName\":\"search_term_string\"}}],\"inLanguage\":\"ca\"}]}<\/script>\n<!-- \/ Yoast SEO plugin. -->","yoast_head_json":{"title":"Sol\u00b7licitud de pressupost per a assegurances a Gesti\u00f3 Felanitx","description":"Formulari de contacte per a sol\u00b7licitar pressupost o informaci\u00f3 a Gestio Felanitx sobre assegurances de cotxe, llar, vida, per a particulars i empreses","robots":{"index":"index","follow":"follow","max-snippet":"max-snippet:-1","max-image-preview":"max-image-preview:large","max-video-preview":"max-video-preview:-1"},"canonical":"https:\/\/www.gestiofelanitx.com\/ca\/contacte\/","og_locale":"ca_ES","og_type":"article","og_title":"Sol\u00b7licitud de pressupost per a assegurances a Gesti\u00f3 Felanitx","og_description":"Formulari de contacte per a sol\u00b7licitar pressupost o informaci\u00f3 a Gestio Felanitx sobre assegurances de cotxe, llar, vida, per a particulars i empreses","og_url":"https:\/\/www.gestiofelanitx.com\/ca\/contacte\/","og_site_name":"Gesti\u00f3 Felanitx","article_modified_time":"2020-09-11T07:48:25+00:00","schema":{"@context":"https:\/\/schema.org","@graph":[{"@type":"WebPage","@id":"https:\/\/www.gestiofelanitx.com\/ca\/contacte\/","url":"https:\/\/www.gestiofelanitx.com\/ca\/contacte\/","name":"Sol\u00b7licitud de pressupost per a assegurances a Gesti\u00f3 Felanitx","isPartOf":{"@id":"https:\/\/www.gestiofelanitx.com\/#website"},"datePublished":"2014-10-29T09:43:30+00:00","dateModified":"2020-09-11T07:48:25+00:00","description":"Formulari de contacte per a sol\u00b7licitar pressupost o informaci\u00f3 a Gestio Felanitx sobre assegurances de cotxe, llar, vida, per a particulars i empreses","breadcrumb":{"@id":"https:\/\/www.gestiofelanitx.com\/ca\/contacte\/#breadcrumb"},"inLanguage":"ca","potentialAction":[{"@type":"ReadAction","target":["https:\/\/www.gestiofelanitx.com\/ca\/contacte\/"]}]},{"@type":"BreadcrumbList","@id":"https:\/\/www.gestiofelanitx.com\/ca\/contacte\/#breadcrumb","itemListElement":[{"@type":"ListItem","position":1,"name":"Portada","item":"https:\/\/www.gestiofelanitx.com\/ca\/"},{"@type":"ListItem","position":2,"name":"Contacte"}]},{"@type":"WebSite","@id":"https:\/\/www.gestiofelanitx.com\/#website","url":"https:\/\/www.gestiofelanitx.com\/","name":"Gesti\u00f3 Felanitx","description":"Agente exclusivo de ALLIANZ \/ Agent exclusiu d&#039;Allianz","potentialAction":[{"@type":"SearchAction","target":{"@type":"EntryPoint","urlTemplate":"https:\/\/www.gestiofelanitx.com\/?s={search_term_string}"},"query-input":{"@type":"PropertyValueSpecification","valueRequired":true,"valueName":"search_term_string"}}],"inLanguage":"ca"}]}},"_links":{"self":[{"href":"https:\/\/www.gestiofelanitx.com\/ca\/wp-json\/wp\/v2\/pages\/190","targetHints":{"allow":["GET"]}}],"collection":[{"href":"https:\/\/www.gestiofelanitx.com\/ca\/wp-json\/wp\/v2\/pages"}],"about":[{"href":"https:\/\/www.gestiofelanitx.com\/ca\/wp-json\/wp\/v2\/types\/page"}],"author":[{"embeddable":true,"href":"https:\/\/www.gestiofelanitx.com\/ca\/wp-json\/wp\/v2\/users\/1"}],"replies":[{"embeddable":true,"href":"https:\/\/www.gestiofelanitx.com\/ca\/wp-json\/wp\/v2\/comments?post=190"}],"version-history":[{"count":13,"href":"https:\/\/www.gestiofelanitx.com\/ca\/wp-json\/wp\/v2\/pages\/190\/revisions"}],"predecessor-version":[{"id":844,"href":"https:\/\/www.gestiofelanitx.com\/ca\/wp-json\/wp\/v2\/pages\/190\/revisions\/844"}],"wp:attachment":[{"href":"https:\/\/www.gestiofelanitx.com\/ca\/wp-json\/wp\/v2\/media?parent=190"}],"curies":[{"name":"wp","href":"https:\/\/api.w.org\/{rel}","templated":true}]}}