{"id":192,"date":"2014-11-03T11:49:56","date_gmt":"2014-11-03T11:49:56","guid":{"rendered":"http:\/\/localhost\/GestioFelanitx\/privacidad-y-seguridad-2\/"},"modified":"2019-07-19T12:23:07","modified_gmt":"2019-07-19T12:23:07","slug":"privacitat-i-seguretat","status":"publish","type":"page","link":"https:\/\/www.gestiofelanitx.com\/ca\/privacitat-i-seguretat\/","title":{"rendered":"Privacitat i seguretat"},"content":{"rendered":"<div class=\"wpb-content-wrapper\"><p>[vc_row][vc_column width=&#8221;1\/1&#8243;][vc_column_text]<strong>CONDICIONS D\u2019\u00daS<\/strong><br \/>\nEn compliment de la Llei 34\/2002, d\u201911 de juliol, de serveis de la societat de la informaci\u00f3 i de comer\u00e7 electr\u00f2nic, <strong>GESTI\u00d3 FELANITX SLU<\/strong> informa que \u00e9s titular del website www.gestiofelanitx.com. D\u2019acord amb l\u2019exig\u00e8ncia de l\u2019article 10 de la citada Llei, <strong>GESTI\u00d3 FELANITX SLU<\/strong>\u00a0informa de les seg\u00fcents dades: <strong>GESTI\u00d3 FELANITX SLU<\/strong>, amb CIF B07597263, i domicili social a FELANITX; carrer Guillem Timoner, 7, 07200 FELANITX, inscrita al Registre Mercantil de Mallorca, en el tom 1887, foli 68, fulla PM-7782, inscripci\u00f3 8. La direcci\u00f3 de correu electr\u00f2nic de contacte amb l\u2019empresa \u00e9s info@gestiofelanitx.com.<\/p>\n<p><strong>USUARI I R\u00c8GIM DE RESPONSABILITATS<\/strong><br \/>\nLa navegaci\u00f3, acc\u00e9s i \u00fas del website de <strong>GESTI\u00d3 FELANITX SLU<\/strong>\u00a0confereix la condici\u00f3 d\u2019usuari, per la que s\u2019accepten, des de la navegaci\u00f3 per les p\u00e0gines de <strong>GESTI\u00d3 FELANITX SLU<\/strong>, totes les condicions d\u2019\u00fas aqu\u00ed establertes, sens perjudici de l\u2019aplicaci\u00f3 de la corresponent normativa d\u2019obligat compliment legal segons el cas. La p\u00e0gina web de <strong>GESTI\u00d3 FELANITX SLU<\/strong>\u00a0proporciona gran diversitat d\u2019informaci\u00f3, serveis i dades. L\u2019usuari assumeix la seva responsabilitat en l\u2019\u00fas correcte del website. Aquesta responsabilitat s\u2019estendr\u00e0 a:<br \/>\n\u2022 La veracitat i licitud de les informacions aportades per l\u2019usuari en els formularis facilitats per <strong>GESTI\u00d3 FELANITX SLU<\/strong>\u00a0per l\u2019acc\u00e9s a determinats continguts o serveis oferts per les webs. Tamb\u00e9 ser\u00e0 responsable de l\u2019\u00fas que li doni a les claus d\u2019acc\u00e9s que hagi obtingut amb la complementaci\u00f3 dels formularis mencionats.<br \/>\n\u2022 L\u2019\u00fas de la informaci\u00f3, serveis i dades oferts per <strong>GESTI\u00d3 FELANITX SLU<\/strong>\u00a0contr\u00e0riament a all\u00f2 disposat per les presents condicions, la Llei, la moral, les bones costums o l\u2019ordre p\u00fablic, o que de qualsevol altre forma pugui suposar lesi\u00f3 dels drets de tercers o del mateix funcionament del website.<\/p>\n<p><strong>POL\u00cdTICA D\u2019ENLLA\u00c7OS I EXEMPCIONS DE RESPONSABILITAT<\/strong><\/p>\n<p><strong>GESTI\u00d3 FELANITX SLU<\/strong>\u00a0no es fa responsable del contingut de les p\u00e0gines web a les que l\u2019usuari pugui accedir a trav\u00e9s dels enlla\u00e7os establerts en el seu website i declara que en cap cas procedir\u00e0 a examinar o exercitar\u00e0 cap tipus de control sobre el contingut d\u2019altres p\u00e0gines de la xarxa. Aix\u00ed mateix, tampoc germanitzar\u00e0 la disponibilitat t\u00e8cnica, exactitud, veracitat, validesa o legalitat de p\u00e0gines alienes a la seva propietat a les que es pugui accedir per mitj\u00e0 dels enlla\u00e7os.<br \/>\n<strong>GESTI\u00d3 FELANITX SLU<\/strong>\u00a0declara haver adoptat totes les mesures necess\u00e0ries per tal d\u2019evitar qualsevol dany que, als usuaris del seu website, pogu\u00e9s derivar-se de la navegaci\u00f3 per les seves p\u00e0gines web. En conseq\u00fc\u00e8ncia, <strong>GESTI\u00d3 FELANITX SLU<\/strong>\u00a0no es fa responsable, en cap cas, dels eventuals danys que per la navegaci\u00f3 per Internet pogu\u00e9s patir l\u2019usuari.<br \/>\n<strong>MODIFICACIONS<\/strong><br \/>\n<strong>GESTI\u00d3 FELANITX SLU<\/strong>\u00a0es reserva el dret a realitzar les modificacions que consideri oportunes, sense av\u00eds previ, en el contingut del seu website. Tant en el que fa refer\u00e8ncia als continguts del website, com en les condicions d\u2019\u00fas del mateix o en les condicions generals de contractaci\u00f3. Aquestes modificacions podran realitzar-se, a trav\u00e9s del seu website, de qualsevol forma admesa en dret i seran d\u2019obligat compliment durant el temps en que es trobin publicades a la web i fins que no siguin modificades v\u00e0lidament per altres posteriors.<\/p>\n<p><strong>RESERVA DE COOKIES<\/strong><\/p>\n<p><strong>GESTI\u00d3 FELANITX SLU<\/strong>\u00a0es reserva el dret d\u2019utilitzar cookies en la navegaci\u00f3 de l\u2019usuari pels seus websites per facilitar la personalitzaci\u00f3 i comoditat de la navegaci\u00f3. Seguint la pol\u00edtica de protecci\u00f3 de dades de l\u2019empresa, <strong>GESTI\u00d3 FELANITX SLU<\/strong>\u00a0informa que les cookies s\u2019associen a l\u2019usuari an\u00f2nim i al seu ordinador, i no proporcionen per s\u00ed el nom i cognoms de l\u2019usuari. L\u2019usuari t\u00e9 la possibilitat de configurar el seu navegador de tal forma que se li informi de la recepci\u00f3 de cookies, podent, si aix\u00ed ho desitja, impedir que siguin instal.lades en el seu disc dur. No obstant, per l\u2019acc\u00e9s als websites de <strong>GESTI\u00d3 FELANITX SLU<\/strong>\u00a0no ser\u00e0 preceptiva la instal\u2022laci\u00f3 de cookies.<\/p>\n<p><strong>PROTECCI\u00d3 DE DADES<\/strong><\/p>\n<p>De conformitat amb el que estableix la normativa vigent en Protecci\u00f3 de Dades de Car\u00e0cter Personal, l\u2019informem que les seves dades seran incorporades al sistema de tractament titularitat de\u00a0<strong>GESTI\u00d3 FELANITX SLU<\/strong> amb CIF B07597263 i domicili social situat en C \/ GUILLEM TIMONER 7 07200, FELANITX ( ILLES BALEARS), amb la finalitat d\u2019atendre les seves consultes i remetre-li informaci\u00f3 relacionada que pugui ser del seu inter\u00e8s. En compliment amb la normativa vigent,\u00a0<strong>GESTI\u00d3 FELANITX SLU<\/strong> informa que les dades seran conservades durant el termini estrictament necessari per complir amb els preceptes esmentats anteriorment.<br \/>\nMentre no ens comuniqui el contrari, entendrem que les seves dades no han estat modificades, que vost\u00e8 es compromet a notificar-nos qualsevol variaci\u00f3 i que tenim el seu consentiment per utilitzar-los per les finalitats esmentades.<br \/>\n<strong>GESTI\u00d3 FELANITX SLU <\/strong>informa que procedir\u00e0 a tractar les dades de manera l\u00edcita, lleial, transparent, adequada, pertinent, limitada, exacta i actualitzada. \u00c9s per aix\u00f2 que\u00a0<strong>GESTI\u00d3 FELANITX SLU<\/strong> es compromet a adoptar totes les mesures raonables perqu\u00e8 aquests es suprimeixin o rectifiquin sense dilaci\u00f3 quan siguin inexactes.<br \/>\nD\u2019acord amb els drets que li confereix l\u2019la normativa vigent en protecci\u00f3 de dades podr\u00e0 exercir els drets d\u2019acc\u00e9s, rectificaci\u00f3, limitaci\u00f3 de tractament, supressi\u00f3, portabilitat i oposici\u00f3 al tractament de les seves dades de car\u00e0cter personal aix\u00ed com del consentiment prestat per al tractament dels mateixos, dirigint la seva petici\u00f3 a l\u2019adre\u00e7a postal indicada m\u00e9s amunt o al correu electr\u00f2nic gestio@gestiofelanitx.com.<br \/>\nAl seu torn, l\u2019informem que pot contactar amb el Delegat de Protecci\u00f3 de Dades de <strong>GESTI\u00d3 FELANITX SLU<\/strong>, dirigint-se per escrit a l\u2019adre\u00e7a de correu dpo.cliente@conversia.es o al tel\u00e8fon 902.877.192.<br \/>\nPodr\u00e0 dirigir-se a l\u2019Autoritat de Control competent per a presentar la reclamaci\u00f3 que consideri oportuna.<br \/>\nAmb enviament del formulari de recollida de dades vost\u00e8 accepta la pol\u00edtica de privacitat de <strong>GESTI\u00d3 FELANITX SLU<\/strong>.<\/p>\n<p><strong>PROPIETAT INTEL\u2022LECTUAL<\/strong><\/p>\n<p>Els drets de propietat intel.lectual i industrial derivats de tots els textos, imatges, aix\u00ed com dels mitjans i formes de presentaci\u00f3 i muntatge de les seves p\u00e0gines pertanyen, per s\u00ed o com a cession\u00e0ria, a <strong>GESTI\u00d3 FELANITX SLU<\/strong>. Seran, per tant, obres protegides com a propietat intel\u2022lectual per l\u2019ordenament jur\u00eddic espanyol, els hi ser\u00e0 d\u2019aplicaci\u00f3 tant la normativa espanyola i comunit\u00e0ria en aquest camp, com els tractats internacionals relatius a la mat\u00e8ria i subscrits per Espanya. Tots els drets reservats. En compliment de la Llei de la Propietat Intel\u2022lectual es prohibeix expressament la reproducci\u00f3, distribuci\u00f3, comunicaci\u00f3 p\u00fablica i utilitzaci\u00f3, de la totalitat o part dels continguts de les seves p\u00e0gines web sense el consentiment expr\u00e9s de <strong>GESTI\u00d3 FELANITX SLU<\/strong>.<\/p>\n<p><strong>ACCIONS LEGALS, LEGISLACI\u00d3 APLICABLE I JURISDICCI\u00d3<\/strong><\/p>\n<p><strong>GESTI\u00d3 FELANITX SLU<\/strong>\u00a0es reserva aix\u00ed mateix la facultat de presentar les accions civils o penals que consideri oportunes per a la utilitzaci\u00f3 indeguda de les seves p\u00e0gines web i continguts o per l\u2019incompliment de les presents condicions. La relaci\u00f3 entre l\u2019usuari i <strong>GESTI\u00d3 FELANITX SLU<\/strong>\u00a0es regir\u00e0 per la normativa espanyola vigent i seran competents per a decidir sobre qualsevol controv\u00e8rsia que es pogu\u00e9s suscitar entre l\u2019usuari i <strong>GESTI\u00d3 FELANITX SLU<\/strong>, els jutjats o tribunals propis de la localitat de FELANITX.<\/p>\n<p><strong>POL\u00cdTICA DE PRIVACITAT<\/strong><\/p>\n<p>De conformitat amb el que estableix la normativa vigent en Protecci\u00f3 de Dades de Car\u00e0cter Personal, l&#8217;informem que les seves dades seran incorporades al sistema de tractament titularitat de\u00a0<strong>GESTI\u00d3 FELANITX SLU<\/strong> amb CIF B07597263 i domicili social situat en C \/ GUILLEM TIMONER 7 07200, FELANITX ( ILLES BALEARS), amb la finalitat d&#8217;atendre les seves consultes i remetre-li informaci\u00f3 relacionada que pugui ser del seu inter\u00e8s. En compliment amb la normativa vigent,\u00a0<strong>GESTI\u00d3 FELANITX SLU<\/strong> informa que les dades seran conservades durant el termini estrictament necessari per complir amb els preceptes esmentats anteriorment.<br \/>\nMentre no ens comuniqui el contrari, entendrem que les seves dades no han estat modificades, que vost\u00e8 es compromet a notificar-nos qualsevol variaci\u00f3 i que tenim el seu consentiment per utilitzar-los per les finalitats esmentades.<br \/>\n<strong>GESTI\u00d3 FELANITX SLU <\/strong>informa que procedir\u00e0 a tractar les dades de manera l\u00edcita, lleial, transparent, adequada, pertinent, limitada, exacta i actualitzada. \u00c9s per aix\u00f2 que\u00a0<strong>GESTI\u00d3 FELANITX SLU<\/strong> es compromet a adoptar totes les mesures raonables perqu\u00e8 aquests es suprimeixin o rectifiquin sense dilaci\u00f3 quan siguin inexactes.<br \/>\nD&#8217;acord amb els drets que li confereix l&#8217;la normativa vigent en protecci\u00f3 de dades podr\u00e0 exercir els drets d&#8217;acc\u00e9s, rectificaci\u00f3, limitaci\u00f3 de tractament, supressi\u00f3, portabilitat i oposici\u00f3 al tractament de les seves dades de car\u00e0cter personal aix\u00ed com del consentiment prestat per al tractament dels mateixos, dirigint la seva petici\u00f3 a l&#8217;adre\u00e7a postal indicada m\u00e9s amunt o al correu electr\u00f2nic gestio@gestiofelanitx.com.<br \/>\nAl seu torn, l&#8217;informem que pot contactar amb el Delegat de Protecci\u00f3 de Dades de <strong>GESTI\u00d3 FELANITX SLU<\/strong>, dirigint-se per escrit a l&#8217;adre\u00e7a de correu dpo.cliente@conversia.es o al tel\u00e8fon 902.877.192.<br \/>\nPodr\u00e0 dirigir-se a l&#8217;Autoritat de Control competent per a presentar la reclamaci\u00f3 que consideri oportuna.<br \/>\nAmb enviament del formulari de recollida de dades vost\u00e8 accepta la pol\u00edtica de privacitat de <strong>GESTI\u00d3 FELANITX SLU<\/strong>.[\/vc_column_text][\/vc_column][\/vc_row]<\/p>\n<\/div>","protected":false},"excerpt":{"rendered":"<p>[vc_row][vc_column width=&#8221;1\/1&#8243;][vc_column_text]CONDICIONS D\u2019\u00daS En compliment de la Llei 34\/2002, d\u201911 de juliol, de serveis de la societat de la informaci\u00f3 i de comer\u00e7 electr\u00f2nic, GESTI\u00d3 FELANITX SLU informa que \u00e9s titular del website www.gestiofelanitx.com. D\u2019acord amb l\u2019exig\u00e8ncia de l\u2019article 10 de la citada Llei, GESTI\u00d3 FELANITX SLU\u00a0informa de les seg\u00fcents dades: GESTI\u00d3 FELANITX SLU, amb [&hellip;]<\/p>\n","protected":false},"author":1,"featured_media":0,"parent":0,"menu_order":0,"comment_status":"closed","ping_status":"closed","template":"page-privacidad.php","meta":{"footnotes":""},"class_list":["post-192","page","type-page","status-publish","hentry","no-featured-image"],"yoast_head":"<!-- This site is optimized with the Yoast SEO plugin v25.7 - https:\/\/yoast.com\/wordpress\/plugins\/seo\/ -->\n<title>Privacitat i seguretat - Gesti\u00f3 Felanitx<\/title>\n<meta name=\"description\" content=\"Web oficial de Gesti\u00f3 Felanitx, Compa\u00f1\u00eda de Seguros y Reaseguros S.A., Seguros de Coche. Seguros para Particulares y Empresas\" \/>\n<meta name=\"robots\" content=\"index, follow, max-snippet:-1, max-image-preview:large, max-video-preview:-1\" \/>\n<link rel=\"canonical\" href=\"https:\/\/www.gestiofelanitx.com\/ca\/privacitat-i-seguretat\/\" \/>\n<meta property=\"og:locale\" content=\"ca_ES\" \/>\n<meta property=\"og:type\" content=\"article\" \/>\n<meta property=\"og:title\" content=\"Privacitat i seguretat - Gesti\u00f3 Felanitx\" \/>\n<meta property=\"og:description\" content=\"Web oficial de Gesti\u00f3 Felanitx, Compa\u00f1\u00eda de Seguros y Reaseguros S.A., Seguros de Coche. Seguros para Particulares y Empresas\" \/>\n<meta property=\"og:url\" content=\"https:\/\/www.gestiofelanitx.com\/ca\/privacitat-i-seguretat\/\" \/>\n<meta property=\"og:site_name\" content=\"Gesti\u00f3 Felanitx\" \/>\n<meta property=\"article:modified_time\" content=\"2019-07-19T12:23:07+00:00\" \/>\n<meta name=\"twitter:label1\" content=\"Temps estimat de lectura\" \/>\n\t<meta name=\"twitter:data1\" content=\"8 minuts\" \/>\n<script type=\"application\/ld+json\" class=\"yoast-schema-graph\">{\"@context\":\"https:\/\/schema.org\",\"@graph\":[{\"@type\":\"WebPage\",\"@id\":\"https:\/\/www.gestiofelanitx.com\/ca\/privacitat-i-seguretat\/\",\"url\":\"https:\/\/www.gestiofelanitx.com\/ca\/privacitat-i-seguretat\/\",\"name\":\"Privacitat i seguretat - Gesti\u00f3 Felanitx\",\"isPartOf\":{\"@id\":\"https:\/\/www.gestiofelanitx.com\/#website\"},\"datePublished\":\"2014-11-03T11:49:56+00:00\",\"dateModified\":\"2019-07-19T12:23:07+00:00\",\"description\":\"Web oficial de Gesti\u00f3 Felanitx, Compa\u00f1\u00eda de Seguros y Reaseguros S.A., Seguros de Coche. Seguros para Particulares y Empresas\",\"breadcrumb\":{\"@id\":\"https:\/\/www.gestiofelanitx.com\/ca\/privacitat-i-seguretat\/#breadcrumb\"},\"inLanguage\":\"ca\",\"potentialAction\":[{\"@type\":\"ReadAction\",\"target\":[\"https:\/\/www.gestiofelanitx.com\/ca\/privacitat-i-seguretat\/\"]}]},{\"@type\":\"BreadcrumbList\",\"@id\":\"https:\/\/www.gestiofelanitx.com\/ca\/privacitat-i-seguretat\/#breadcrumb\",\"itemListElement\":[{\"@type\":\"ListItem\",\"position\":1,\"name\":\"Portada\",\"item\":\"https:\/\/www.gestiofelanitx.com\/ca\/\"},{\"@type\":\"ListItem\",\"position\":2,\"name\":\"Privacitat i seguretat\"}]},{\"@type\":\"WebSite\",\"@id\":\"https:\/\/www.gestiofelanitx.com\/#website\",\"url\":\"https:\/\/www.gestiofelanitx.com\/\",\"name\":\"Gesti\u00f3 Felanitx\",\"description\":\"Agente exclusivo de ALLIANZ \/ Agent exclusiu d&#039;Allianz\",\"potentialAction\":[{\"@type\":\"SearchAction\",\"target\":{\"@type\":\"EntryPoint\",\"urlTemplate\":\"https:\/\/www.gestiofelanitx.com\/?s={search_term_string}\"},\"query-input\":{\"@type\":\"PropertyValueSpecification\",\"valueRequired\":true,\"valueName\":\"search_term_string\"}}],\"inLanguage\":\"ca\"}]}<\/script>\n<!-- \/ Yoast SEO plugin. -->","yoast_head_json":{"title":"Privacitat i seguretat - Gesti\u00f3 Felanitx","description":"Web oficial de Gesti\u00f3 Felanitx, Compa\u00f1\u00eda de Seguros y Reaseguros S.A., Seguros de Coche. Seguros para Particulares y Empresas","robots":{"index":"index","follow":"follow","max-snippet":"max-snippet:-1","max-image-preview":"max-image-preview:large","max-video-preview":"max-video-preview:-1"},"canonical":"https:\/\/www.gestiofelanitx.com\/ca\/privacitat-i-seguretat\/","og_locale":"ca_ES","og_type":"article","og_title":"Privacitat i seguretat - Gesti\u00f3 Felanitx","og_description":"Web oficial de Gesti\u00f3 Felanitx, Compa\u00f1\u00eda de Seguros y Reaseguros S.A., Seguros de Coche. Seguros para Particulares y Empresas","og_url":"https:\/\/www.gestiofelanitx.com\/ca\/privacitat-i-seguretat\/","og_site_name":"Gesti\u00f3 Felanitx","article_modified_time":"2019-07-19T12:23:07+00:00","twitter_misc":{"Temps estimat de lectura":"8 minuts"},"schema":{"@context":"https:\/\/schema.org","@graph":[{"@type":"WebPage","@id":"https:\/\/www.gestiofelanitx.com\/ca\/privacitat-i-seguretat\/","url":"https:\/\/www.gestiofelanitx.com\/ca\/privacitat-i-seguretat\/","name":"Privacitat i seguretat - Gesti\u00f3 Felanitx","isPartOf":{"@id":"https:\/\/www.gestiofelanitx.com\/#website"},"datePublished":"2014-11-03T11:49:56+00:00","dateModified":"2019-07-19T12:23:07+00:00","description":"Web oficial de Gesti\u00f3 Felanitx, Compa\u00f1\u00eda de Seguros y Reaseguros S.A., Seguros de Coche. Seguros para Particulares y Empresas","breadcrumb":{"@id":"https:\/\/www.gestiofelanitx.com\/ca\/privacitat-i-seguretat\/#breadcrumb"},"inLanguage":"ca","potentialAction":[{"@type":"ReadAction","target":["https:\/\/www.gestiofelanitx.com\/ca\/privacitat-i-seguretat\/"]}]},{"@type":"BreadcrumbList","@id":"https:\/\/www.gestiofelanitx.com\/ca\/privacitat-i-seguretat\/#breadcrumb","itemListElement":[{"@type":"ListItem","position":1,"name":"Portada","item":"https:\/\/www.gestiofelanitx.com\/ca\/"},{"@type":"ListItem","position":2,"name":"Privacitat i seguretat"}]},{"@type":"WebSite","@id":"https:\/\/www.gestiofelanitx.com\/#website","url":"https:\/\/www.gestiofelanitx.com\/","name":"Gesti\u00f3 Felanitx","description":"Agente exclusivo de ALLIANZ \/ Agent exclusiu d&#039;Allianz","potentialAction":[{"@type":"SearchAction","target":{"@type":"EntryPoint","urlTemplate":"https:\/\/www.gestiofelanitx.com\/?s={search_term_string}"},"query-input":{"@type":"PropertyValueSpecification","valueRequired":true,"valueName":"search_term_string"}}],"inLanguage":"ca"}]}},"_links":{"self":[{"href":"https:\/\/www.gestiofelanitx.com\/ca\/wp-json\/wp\/v2\/pages\/192","targetHints":{"allow":["GET"]}}],"collection":[{"href":"https:\/\/www.gestiofelanitx.com\/ca\/wp-json\/wp\/v2\/pages"}],"about":[{"href":"https:\/\/www.gestiofelanitx.com\/ca\/wp-json\/wp\/v2\/types\/page"}],"author":[{"embeddable":true,"href":"https:\/\/www.gestiofelanitx.com\/ca\/wp-json\/wp\/v2\/users\/1"}],"replies":[{"embeddable":true,"href":"https:\/\/www.gestiofelanitx.com\/ca\/wp-json\/wp\/v2\/comments?post=192"}],"version-history":[{"count":8,"href":"https:\/\/www.gestiofelanitx.com\/ca\/wp-json\/wp\/v2\/pages\/192\/revisions"}],"predecessor-version":[{"id":815,"href":"https:\/\/www.gestiofelanitx.com\/ca\/wp-json\/wp\/v2\/pages\/192\/revisions\/815"}],"wp:attachment":[{"href":"https:\/\/www.gestiofelanitx.com\/ca\/wp-json\/wp\/v2\/media?parent=192"}],"curies":[{"name":"wp","href":"https:\/\/api.w.org\/{rel}","templated":true}]}}