{"id":196,"date":"2014-10-29T09:43:16","date_gmt":"2014-10-29T09:43:16","guid":{"rendered":"http:\/\/localhost\/GestioFelanitx\/siniestros-y-servicios-2\/"},"modified":"2020-08-13T10:32:22","modified_gmt":"2020-08-13T10:32:22","slug":"sinistres-i-serveis","status":"publish","type":"page","link":"https:\/\/www.gestiofelanitx.com\/ca\/sinistres-i-serveis\/","title":{"rendered":"Sinistres i serveis"},"content":{"rendered":"<div class=\"wpb-content-wrapper\"><p>[vc_row][vc_column width=&#8221;1\/1&#8243;][rev_slider_vc alias=&#8221;siniestros&#8221;][vc_column_text]<\/p>\n<h1>En cas de sinistre, posa&#8217;t en contacte amb nosaltres:<\/h1>\n<p>[\/vc_column_text][\/vc_column][\/vc_row][vc_row][vc_column width=&#8221;1\/2&#8243;][vc_column_text]<strong>Gesti\u00f3 Felanitx<\/strong><br \/>\n<b>Tel\u00e8fons:<\/b> 971 583 320 i 971 827 505<br \/>\n<b>Fax:<\/b> 971827098<br \/>\n<b>Email:<\/b> <a href=\"mailto:info@gestiofelanitx.com\">info@gestiofelanitx.com<\/a>[\/vc_column_text][\/vc_column][vc_column width=&#8221;1\/2&#8243;][vc_column_text]<a href=\"https:\/\/www.allianz.es\/eCliente\" target=\"_blank\"><img loading=\"lazy\" decoding=\"async\" class=\"alignright size-full wp-image-312\" src=\"https:\/\/www.gestiofelanitx.com\/wp-content\/uploads\/2014\/10\/boton-ca.png\" alt=\"boton-ca\" width=\"291\" height=\"55\" \/><\/a>[\/vc_column_text][\/vc_column][\/vc_row][vc_row][vc_column width=&#8221;1\/1&#8243;][vc_column_text]<strong>Centre d\u2019Atenci\u00f3 al Client d\u2019Allianz<\/strong><br \/>\n<b>Tel\u00e8fon:<\/b> 902 300 186<\/p>\n<p><strong>Assist\u00e8ncia a assegurances vehicles<\/strong><br \/>\n<b>Tel\u00e8fon (Illes Balears i Pen\u00ednsula):<\/b> 901 100 128<br \/>\n<b>Tel\u00e8fon (internacional):<\/b> 34 91 452 29 12<br \/>\n<a href=\"https:\/\/www.allianz.es\/eCliente\/atencion-al-cliente\/taller-de-confianza\" target=\"_blank\">Tallers de confian\u00e7a<\/a><\/p>\n<p><strong>Urg\u00e8ncies i Assist\u00e8ncia a assegurances de la llar i comer\u00e7<\/strong><br \/>\n<b>Tel\u00e8fon:<\/b> 901 272 272<\/p>\n<p><strong>Assessorament multes de tr\u00e0fic<\/strong><br \/>\n<b>Tel\u00e8fon (Illes Balears i Pen\u00ednsula):<\/b> 900 150 497<br \/>\n<b>Tel\u00e8fon (internacional):<\/b> 34 91 325 55 42<\/p>\n<p><strong>Ruptura de vidres<\/strong><br \/>\n<b>Tel\u00e8fon:<\/b> 902 300 186<br \/>\n<a href=\"https:\/\/www.allianz.es\/eCliente\/atencion-al-cliente\/taller-de-lunas\" target=\"_blank\">Tallers de vidres<\/a><\/p>\n<p><strong>Assessorament i Protecci\u00f3 Jur\u00eddica<\/strong><br \/>\n<b>Tel\u00e8fon:<\/b> 901 110 111<\/p>\n<p><strong>Salvament Mar\u00edtim (embarcacions)<\/strong><br \/>\n<b>Tel\u00e8fon:<\/b> 900 202 202<\/p>\n<p><strong>Canal Radio Salvament Mar\u00edtim (embarcacions)<\/strong><br \/>\nVHF CANAL 16 VHF \/ 2.182Khz Onda Media<\/p>\n<p><strong>Suport t\u00e8cnic espai web Allianz eCliente<\/strong><br \/>\n<b>Tel\u00e8fon:<\/b> 902 152 342<\/p>\n<p><strong>Autoritzacions Allianz Salut<\/strong><br \/>\n<b>Tel\u00e8fon:<\/b> 902 200 646<br \/>\n<a href=\"https:\/\/www.allianz.es\/eCliente\/atencion-al-cliente\/cuadro-medico\" target=\"_blank\">Quadre M\u00e8dic<\/a><\/p>\n<p><strong>Urg\u00e8ncies m\u00e8diques<\/strong><br \/>\n<b>Tel\u00e8fon:<\/b> 902 302 402<br \/>\n<b>Tel\u00e8fon (internacional):<\/b> 34 91 452 29 15<\/p>\n<p><strong>Declaraci\u00f3 amistosa d&#8217;accident<\/strong><br \/>\nEn cas de sinistre de vehicles, es pot <a href=\"https:\/\/www.gestiofelanitx.com\/wp-content\/uploads\/2014\/12\/DAA.pdf\" target=\"_blank\">descarregar aqu\u00ed<\/a> la declaraci\u00f3 amistosa d\u2019accident i complimentar-la per posteriorment entregar-la a <strong>Gesti\u00f3 Felanitx<\/strong>.<\/p>\n<p><strong>\u00c0rea clients Allianz<\/strong><br \/>\nRegistrant-se a l\u2019espai eCliente (<a href=\"https:\/\/www.allianz.es\/eCliente\" target=\"_blank\">https:\/\/www.allianz.es\/eCliente<\/a>) tendr\u00e0 informaci\u00f3 puntual i actualitzada de les seves p\u00f2lisses, rebuts, sinistres i moltes dades m\u00e9s del seu inter\u00e8s.[\/vc_column_text][\/vc_column][\/vc_row][vc_row][vc_column width=&#8221;1\/1&#8243;][vc_column_text]<a href=\"https:\/\/www.allianz.es\/eCliente\" target=\"_blank\"><img loading=\"lazy\" decoding=\"async\" class=\"size-full wp-image-312 alignleft\" src=\"https:\/\/www.gestiofelanitx.com\/wp-content\/uploads\/2014\/10\/boton-ca.png\" alt=\"boton-ca\" width=\"291\" height=\"55\" \/><\/a>[\/vc_column_text][\/vc_column][\/vc_row]<\/p>\n<\/div>","protected":false},"excerpt":{"rendered":"<p>[vc_row][vc_column width=&#8221;1\/1&#8243;][rev_slider_vc alias=&#8221;siniestros&#8221;][vc_column_text] En cas de sinistre, posa&#8217;t en contacte amb nosaltres: [\/vc_column_text][\/vc_column][\/vc_row][vc_row][vc_column width=&#8221;1\/2&#8243;][vc_column_text]Gesti\u00f3 Felanitx Tel\u00e8fons: 971 583 320 i 971 827 505 Fax: 971827098 Email: info@gestiofelanitx.com[\/vc_column_text][\/vc_column][vc_column width=&#8221;1\/2&#8243;][vc_column_text][\/vc_column_text][\/vc_column][\/vc_row][vc_row][vc_column width=&#8221;1\/1&#8243;][vc_column_text]Centre d\u2019Atenci\u00f3 al Client d\u2019Allianz Tel\u00e8fon: 902 300 186 Assist\u00e8ncia a assegurances vehicles Tel\u00e8fon (Illes Balears i Pen\u00ednsula): 901 100 128 Tel\u00e8fon (internacional): 34 91 452 29 [&hellip;]<\/p>\n","protected":false},"author":1,"featured_media":0,"parent":0,"menu_order":0,"comment_status":"closed","ping_status":"closed","template":"page-empresa.php","meta":{"footnotes":""},"class_list":["post-196","page","type-page","status-publish","hentry","no-featured-image"],"yoast_head":"<!-- This site is optimized with the Yoast SEO plugin v25.7 - https:\/\/yoast.com\/wordpress\/plugins\/seo\/ -->\n<title>En cas de sinistre contacti amb Assegurances Gestio Felanitx<\/title>\n<meta name=\"description\" content=\"En cas de sinistre o per a realitzar qualsevol consulta, Assegurances Gesti\u00f3 Felanitx i Allianz posa a la seva disposici\u00f3 diferents formes de contactar.\" \/>\n<meta name=\"robots\" content=\"index, follow, max-snippet:-1, max-image-preview:large, max-video-preview:-1\" \/>\n<link rel=\"canonical\" href=\"https:\/\/www.gestiofelanitx.com\/siniestros-y-servicios\/\" \/>\n<meta property=\"og:locale\" content=\"ca_ES\" \/>\n<meta property=\"og:type\" content=\"article\" \/>\n<meta property=\"og:title\" content=\"En cas de sinistre contacti amb Assegurances Gestio Felanitx\" \/>\n<meta property=\"og:description\" content=\"En cas de sinistre o per a realitzar qualsevol consulta, Assegurances Gesti\u00f3 Felanitx i Allianz posa a la seva disposici\u00f3 diferents formes de contactar.\" \/>\n<meta property=\"og:url\" content=\"https:\/\/www.gestiofelanitx.com\/siniestros-y-servicios\/\" \/>\n<meta property=\"og:site_name\" content=\"Gesti\u00f3 Felanitx\" \/>\n<meta property=\"article:modified_time\" content=\"2020-08-13T10:32:22+00:00\" \/>\n<meta property=\"og:image\" content=\"https:\/\/www.gestiofelanitx.com\/wp-content\/uploads\/2014\/10\/boton-ca.png\" \/>\n\t<meta property=\"og:image:width\" content=\"291\" \/>\n\t<meta property=\"og:image:height\" content=\"55\" \/>\n\t<meta property=\"og:image:type\" content=\"image\/png\" \/>\n<meta name=\"twitter:label1\" content=\"Temps estimat de lectura\" \/>\n\t<meta name=\"twitter:data1\" content=\"1 minut\" \/>\n<script type=\"application\/ld+json\" class=\"yoast-schema-graph\">{\"@context\":\"https:\/\/schema.org\",\"@graph\":[{\"@type\":\"WebPage\",\"@id\":\"https:\/\/www.gestiofelanitx.com\/siniestros-y-servicios\/\",\"url\":\"https:\/\/www.gestiofelanitx.com\/siniestros-y-servicios\/\",\"name\":\"En cas de sinistre contacti amb Assegurances Gestio Felanitx\",\"isPartOf\":{\"@id\":\"https:\/\/www.gestiofelanitx.com\/#website\"},\"primaryImageOfPage\":{\"@id\":\"https:\/\/www.gestiofelanitx.com\/siniestros-y-servicios\/#primaryimage\"},\"image\":{\"@id\":\"https:\/\/www.gestiofelanitx.com\/siniestros-y-servicios\/#primaryimage\"},\"thumbnailUrl\":\"https:\/\/www.gestiofelanitx.com\/wp-content\/uploads\/2014\/10\/boton-ca.png\",\"datePublished\":\"2014-10-29T09:43:16+00:00\",\"dateModified\":\"2020-08-13T10:32:22+00:00\",\"description\":\"En cas de sinistre o per a realitzar qualsevol consulta, Assegurances Gesti\u00f3 Felanitx i Allianz posa a la seva disposici\u00f3 diferents formes de contactar.\",\"breadcrumb\":{\"@id\":\"https:\/\/www.gestiofelanitx.com\/siniestros-y-servicios\/#breadcrumb\"},\"inLanguage\":\"ca\",\"potentialAction\":[{\"@type\":\"ReadAction\",\"target\":[\"https:\/\/www.gestiofelanitx.com\/siniestros-y-servicios\/\"]}]},{\"@type\":\"ImageObject\",\"inLanguage\":\"ca\",\"@id\":\"https:\/\/www.gestiofelanitx.com\/siniestros-y-servicios\/#primaryimage\",\"url\":\"https:\/\/www.gestiofelanitx.com\/wp-content\/uploads\/2014\/10\/boton-ca.png\",\"contentUrl\":\"https:\/\/www.gestiofelanitx.com\/wp-content\/uploads\/2014\/10\/boton-ca.png\"},{\"@type\":\"BreadcrumbList\",\"@id\":\"https:\/\/www.gestiofelanitx.com\/siniestros-y-servicios\/#breadcrumb\",\"itemListElement\":[{\"@type\":\"ListItem\",\"position\":1,\"name\":\"Portada\",\"item\":\"https:\/\/www.gestiofelanitx.com\/ca\/\"},{\"@type\":\"ListItem\",\"position\":2,\"name\":\"Sinistres i serveis\"}]},{\"@type\":\"WebSite\",\"@id\":\"https:\/\/www.gestiofelanitx.com\/#website\",\"url\":\"https:\/\/www.gestiofelanitx.com\/\",\"name\":\"Gesti\u00f3 Felanitx\",\"description\":\"Agente exclusivo de ALLIANZ \/ Agent exclusiu d&#039;Allianz\",\"potentialAction\":[{\"@type\":\"SearchAction\",\"target\":{\"@type\":\"EntryPoint\",\"urlTemplate\":\"https:\/\/www.gestiofelanitx.com\/?s={search_term_string}\"},\"query-input\":{\"@type\":\"PropertyValueSpecification\",\"valueRequired\":true,\"valueName\":\"search_term_string\"}}],\"inLanguage\":\"ca\"}]}<\/script>\n<!-- \/ Yoast SEO plugin. -->","yoast_head_json":{"title":"En cas de sinistre contacti amb Assegurances Gestio Felanitx","description":"En cas de sinistre o per a realitzar qualsevol consulta, Assegurances Gesti\u00f3 Felanitx i Allianz posa a la seva disposici\u00f3 diferents formes de contactar.","robots":{"index":"index","follow":"follow","max-snippet":"max-snippet:-1","max-image-preview":"max-image-preview:large","max-video-preview":"max-video-preview:-1"},"canonical":"https:\/\/www.gestiofelanitx.com\/siniestros-y-servicios\/","og_locale":"ca_ES","og_type":"article","og_title":"En cas de sinistre contacti amb Assegurances Gestio Felanitx","og_description":"En cas de sinistre o per a realitzar qualsevol consulta, Assegurances Gesti\u00f3 Felanitx i Allianz posa a la seva disposici\u00f3 diferents formes de contactar.","og_url":"https:\/\/www.gestiofelanitx.com\/siniestros-y-servicios\/","og_site_name":"Gesti\u00f3 Felanitx","article_modified_time":"2020-08-13T10:32:22+00:00","og_image":[{"width":291,"height":55,"url":"https:\/\/www.gestiofelanitx.com\/wp-content\/uploads\/2014\/10\/boton-ca.png","type":"image\/png"}],"twitter_misc":{"Temps estimat de lectura":"1 minut"},"schema":{"@context":"https:\/\/schema.org","@graph":[{"@type":"WebPage","@id":"https:\/\/www.gestiofelanitx.com\/siniestros-y-servicios\/","url":"https:\/\/www.gestiofelanitx.com\/siniestros-y-servicios\/","name":"En cas de sinistre contacti amb Assegurances Gestio Felanitx","isPartOf":{"@id":"https:\/\/www.gestiofelanitx.com\/#website"},"primaryImageOfPage":{"@id":"https:\/\/www.gestiofelanitx.com\/siniestros-y-servicios\/#primaryimage"},"image":{"@id":"https:\/\/www.gestiofelanitx.com\/siniestros-y-servicios\/#primaryimage"},"thumbnailUrl":"https:\/\/www.gestiofelanitx.com\/wp-content\/uploads\/2014\/10\/boton-ca.png","datePublished":"2014-10-29T09:43:16+00:00","dateModified":"2020-08-13T10:32:22+00:00","description":"En cas de sinistre o per a realitzar qualsevol consulta, Assegurances Gesti\u00f3 Felanitx i Allianz posa a la seva disposici\u00f3 diferents formes de contactar.","breadcrumb":{"@id":"https:\/\/www.gestiofelanitx.com\/siniestros-y-servicios\/#breadcrumb"},"inLanguage":"ca","potentialAction":[{"@type":"ReadAction","target":["https:\/\/www.gestiofelanitx.com\/siniestros-y-servicios\/"]}]},{"@type":"ImageObject","inLanguage":"ca","@id":"https:\/\/www.gestiofelanitx.com\/siniestros-y-servicios\/#primaryimage","url":"https:\/\/www.gestiofelanitx.com\/wp-content\/uploads\/2014\/10\/boton-ca.png","contentUrl":"https:\/\/www.gestiofelanitx.com\/wp-content\/uploads\/2014\/10\/boton-ca.png"},{"@type":"BreadcrumbList","@id":"https:\/\/www.gestiofelanitx.com\/siniestros-y-servicios\/#breadcrumb","itemListElement":[{"@type":"ListItem","position":1,"name":"Portada","item":"https:\/\/www.gestiofelanitx.com\/ca\/"},{"@type":"ListItem","position":2,"name":"Sinistres i serveis"}]},{"@type":"WebSite","@id":"https:\/\/www.gestiofelanitx.com\/#website","url":"https:\/\/www.gestiofelanitx.com\/","name":"Gesti\u00f3 Felanitx","description":"Agente exclusivo de ALLIANZ \/ Agent exclusiu d&#039;Allianz","potentialAction":[{"@type":"SearchAction","target":{"@type":"EntryPoint","urlTemplate":"https:\/\/www.gestiofelanitx.com\/?s={search_term_string}"},"query-input":{"@type":"PropertyValueSpecification","valueRequired":true,"valueName":"search_term_string"}}],"inLanguage":"ca"}]}},"_links":{"self":[{"href":"https:\/\/www.gestiofelanitx.com\/ca\/wp-json\/wp\/v2\/pages\/196","targetHints":{"allow":["GET"]}}],"collection":[{"href":"https:\/\/www.gestiofelanitx.com\/ca\/wp-json\/wp\/v2\/pages"}],"about":[{"href":"https:\/\/www.gestiofelanitx.com\/ca\/wp-json\/wp\/v2\/types\/page"}],"author":[{"embeddable":true,"href":"https:\/\/www.gestiofelanitx.com\/ca\/wp-json\/wp\/v2\/users\/1"}],"replies":[{"embeddable":true,"href":"https:\/\/www.gestiofelanitx.com\/ca\/wp-json\/wp\/v2\/comments?post=196"}],"version-history":[{"count":9,"href":"https:\/\/www.gestiofelanitx.com\/ca\/wp-json\/wp\/v2\/pages\/196\/revisions"}],"predecessor-version":[{"id":837,"href":"https:\/\/www.gestiofelanitx.com\/ca\/wp-json\/wp\/v2\/pages\/196\/revisions\/837"}],"wp:attachment":[{"href":"https:\/\/www.gestiofelanitx.com\/ca\/wp-json\/wp\/v2\/media?parent=196"}],"curies":[{"name":"wp","href":"https:\/\/api.w.org\/{rel}","templated":true}]}}