{"id":427,"date":"2015-01-28T11:48:27","date_gmt":"2015-01-28T11:48:27","guid":{"rendered":"http:\/\/localhost\/GestioFelanitx\/we-speak-english-wir-sprechen-deutsch-2\/"},"modified":"2015-05-05T09:26:04","modified_gmt":"2015-05-05T09:26:04","slug":"we-speak-english-wir-sprechen-deutsch","status":"publish","type":"page","link":"https:\/\/www.gestiofelanitx.com\/ca\/we-speak-english-wir-sprechen-deutsch\/","title":{"rendered":"We speak English &#8211; Wir sprechen Deutsch"},"content":{"rendered":"<div class=\"wpb-content-wrapper\"><p>[vc_row][vc_column width=&#8221;1\/1&#8243;][rev_slider_vc alias=&#8221;speak&#8221;][\/vc_column][\/vc_row][vc_row][vc_column width=&#8221;1\/1&#8243;][vc_text_separator title=&#8221;Allianz in 2 minutes&#8221; title_align=&#8221;separator_align_center&#8221; color=&#8221;blue&#8221; style=&#8221;double&#8221;][vc_raw_html]JTNDdmlkZW8lMjB3aWR0aCUzRCUyMjMyMCUyMiUyMGhlaWdodCUzRCUyMjE4MCUyMiUyMGNvbnRyb2xzJTIwcG9zdGVyJTNEJTIyaHR0cCUzQSUyRiUyRnd3dy5nZXN0aW9mZWxhbml0eC5jb20lMkYlMkZ3cC1jb250ZW50JTJGdXBsb2FkcyUyRjIwMTUlMkYwMyUyRmNhcmF0dWxhLmpwZyUyMiUzRSUwQSUyMCUyMCUwOSUwOSUwOSUwOSUwOSUwOSUwOSUwOSUwOSUwOSUwOSUzQ3NvdXJjZSUyMHNyYyUzRCUyMmh0dHAlM0ElMkYlMkZ3d3cuZ2VzdGlvZmVsYW5pdHguY29tJTJGJTJGd3AtY29udGVudCUyRnVwbG9hZHMlMkYyMDE1JTJGMDMlMkZBbGxpYW56LUhELm1wNCUyMiUyMHR5cGUlM0QlMjJ2aWRlbyUyRm1wNCUyMiUyMCUzRSUwQSUwOSUyMCUyMCUyMCUyMCUyMCUyMCUyMCUyMCUyMCUyMCUyMCUyMCUyMCUyMCUyMCUyMCUyMCUyMCUyMCUyMCUyMCUyMCUyMCUyMCUyMCUyMCUyMCUyMCUyMCUyMCUyMCUyMCUyMCUyMCUyMCUyMCUyMCUyMCUyMCUyMFlvdXIlMjBicm93c2VyJTIwZG9lcyUyMG5vdCUyMHN1cHBvcnQlMjB0aGUlMjB2aWRlbyUyMHRhZy4lMEElMjAlMjAlMjAlMjAlMjAlMjAlMjAlMjAlMjAlMjAlMjAlMjAlMjAlMjAlMjAlMjAlMjAlMjAlMjAlMjAlMjAlMjAlMjAlMjAlMjAlMjAlMjAlMjAlMjAlMjAlMjAlMjAlMjAlMjAlMjAlMjAlMjAlMjAlMjAlMjAlM0MlMkZ2aWRlbyUzRQ==[\/vc_raw_html][\/vc_column][\/vc_row][vc_row][vc_column width=&#8221;1\/2&#8243;][vc_text_separator title=&#8221;We speak English&#8221; title_align=&#8221;separator_align_center&#8221; color=&#8221;blue&#8221; style=&#8221;double&#8221;][vc_column_text]<strong>Insurance in your language<\/strong><\/p>\n<p>\u00bb <a href=\"https:\/\/www.gestiofelanitx.com\/wp-content\/uploads\/2015\/02\/auto_en.pdf\" target=\"_blank\">Allianz Auto &#8211; Auto<\/a><br \/>\n\u00bb <a href=\"https:\/\/www.gestiofelanitx.com\/wp-content\/uploads\/2015\/02\/auto_ventajas_en.pdf\" target=\"_blank\">Allianz Auto &#8211; Advantages<\/a><br \/>\n\u00bb <a href=\"https:\/\/www.gestiofelanitx.com\/wp-content\/uploads\/2015\/02\/moto_en.pdf\" target=\"_blank\">Allianz Moto &#8211; Motorbikes<\/a><br \/>\n\u00bb <a href=\"https:\/\/www.gestiofelanitx.com\/wp-content\/uploads\/2015\/02\/salud_en.pdf\" target=\"_blank\">Allianz Salud &#8211; Health<\/a><br \/>\n\u00bb <a href=\"https:\/\/www.gestiofelanitx.com\/wp-content\/uploads\/2015\/02\/hogar_en.pdf\" target=\"_blank\">Allianz Hogar &#8211; Home<\/a><br \/>\n\u00bb <a href=\"https:\/\/www.gestiofelanitx.com\/wp-content\/uploads\/2015\/02\/comunidad-en.pdf\" target=\"_blank\">Allianz Comunidad &#8211; Community of Property Owners<\/a><br \/>\n\u00bb <a href=\"https:\/\/www.gestiofelanitx.com\/wp-content\/uploads\/2015\/02\/embarcaciones_en.pdf\" target=\"_blank\">Allianz Embarcaciones &#8211; Vessels<\/a><br \/>\n\u00bb <a href=\"https:\/\/www.gestiofelanitx.com\/wp-content\/uploads\/2015\/02\/riesgo_en.pdf\" target=\"_blank\">Allianz Riesgo &#8211; Risk<\/a>[\/vc_column_text][vc_column_text]<strong>Gesti\u00f3 Felanitx<\/strong> is the name of the insurance agency created in 1992 by Miguel Luis Vaquer Ferrer, who started this company pursuing his vocation to render personalized advice, as well as comprehensive and specialised attention to private clients and businesses, offering innovative solutions to fulfil all the needs of its clients in the area of insurance, pension plans, savings and investments. Although the foundation of the company <strong>Gesti\u00f3 Felanitx<\/strong> took place in 1992, Miguel Luis Vaquer had already initiated his activity in the world of insurances in 1975, on an individual level.<\/p>\n<p>In the present, with a portfolio of over 3,000 clients and an accumulated experience of over 40\u00a0years, <strong>Gesti\u00f3 Felanitx<\/strong> continues working every day to fulfil its vocation of service based on the values of quality, innovation, efficiency and customer orientation. At the same time Gesti\u00f3 Felanitx aims to accomplish the social responsibility of the company by making individuals\u2019 and corporate clients\u2019 life easier and safer.<\/p>\n<p>Currently, the agency <strong>Gesti\u00f3 Felanitx<\/strong>\u00a0works with the help of a highly trained team that is carrying out its activity according to the highest standards of professionalism, responsibility and rigour. Its members are specialised in the different areas of savings and insurance, being thus able to offer personalised advice regarding those products that better suit the needs of each client.<\/p>\n<p>The agency <strong>Gesti\u00f3 Felanitx<\/strong>\u00a0has found the best way to meet its objectives by providing the best possible tools available on the global market. To accomplish this, the company established an exclusive business relationship with the leading provider of insurance services, ALLIANZ, one of the most important insurance groups and financial service providers of the world.<br \/>\nWith determination and the strong belief that the insurance field requires a high degree of specialisation along with an exclusive dedication, <strong>Gesti\u00f3 Felanitx<\/strong>\u00a0continues working day by day to improve its services, pursuing its quest to achieve maximum quality in all its advising services and a wide range of insurance products and guarantees that are offered by a leading corporation such as ALLIANZ, with a high level of experience, capacity and financial power.<\/p>\n<p><strong>Gesti\u00f3 Felanitx<\/strong>\u00a0offers to all its private clients, companies and businesses the best insurance, savings and retirement solutions available on the market, adapting each product to suit the special needs of the customer. The agency offers a very complete and innovative range of products to its private and business clients, tailored insurance solutions that provide coverage for any possible risk. Involved in the future planning of families, <strong>Gesti\u00f3 Felanitx<\/strong>\u00a0provides new and attractive products, ranging from the most basic insurance policies up to the more complex, personalised insurance schemes.<\/p>\n<p>Security, guarantee and quality advice rendered in a professional manner are factors that are gaining additional importance in our current environment. Following its policy of service, <strong>Gesti\u00f3 Felanitx<\/strong>\u00a0has created a department exclusively dedicated to offer personalised support and claim tracking to follow up on any type of incidents or losses suffered by its clients, considering that excellent customer support and outstanding claim management stand for the high quality of the different insurance products.<\/p>\n<p>The ALLIANZ Group is a guarantee for stability, strength, security, trustworthiness and professional advice. The Group\u2019s solvency rating is among the best between the main insurance providers of the world, and it exceeds substantially the legal requirements and regulations. In Spain, the ALLIANZ Group has gained the confidence of 3.8 million clients who have acquired more than 6 million insurance policies. These, together with the 900,000 clients who benefit from the Group\u2019s retirement plans or participate in its investment funds, made it possible that ALLIANZ be elected for the fourth consecutive year the most recommended insurance provider on the market (on basis of the Net Promoter Score, NPS), not only by clients, but also by the agents of the Group.<\/p>\n<p>Currently, the ALLIANZ Group maintains an extensive network of more than 13,000 agents all over Spain, from which the most distinguished 100 compose the so-called \u201cClub of Excellence\u201d. The agency <strong>Gesti\u00f3 Felanitx<\/strong> is part of this Club, being an excellent agent of the ALLIANZ Group right from its foundation and up the present.[\/vc_column_text][\/vc_column][vc_column width=&#8221;1\/2&#8243;][vc_text_separator title=&#8221;Wir sprechen Deutsch&#8221; title_align=&#8221;separator_align_center&#8221; color=&#8221;blue&#8221; style=&#8221;double&#8221;][vc_column_text css=&#8221;.vc_custom_1424083751737{padding-top: 10px !important;padding-right: 10px !important;padding-bottom: 10px !important;padding-left: 10px !important;background-color: #f2f2f2 !important;}&#8221;]<strong>Versicherung in Ihrer Sprache<\/strong><\/p>\n<p>\u00bb <a href=\"https:\/\/www.gestiofelanitx.com\/wp-content\/uploads\/2015\/02\/auto_de.pdf\" target=\"_blank\">Allianz Auto &#8211; Kfz-Versicherung<\/a><br \/>\n\u00bb <a href=\"https:\/\/www.gestiofelanitx.com\/wp-content\/uploads\/2015\/02\/auto_ventajas_de.pdf\" target=\"_blank\">Allianz Auto &#8211; Vorteile<\/a><br \/>\n\u00bb <a href=\"https:\/\/www.gestiofelanitx.com\/wp-content\/uploads\/2015\/02\/moto_de.pdf\" target=\"_blank\">Allianz Moto &#8211; Motorr\u00e4der<\/a><br \/>\n\u00bb <a href=\"https:\/\/www.gestiofelanitx.com\/wp-content\/uploads\/2015\/02\/salud_de.pdf\" target=\"_blank\">Allianz Salud &#8211; Krankenversicherung<\/a><br \/>\n\u00bb <a href=\"https:\/\/www.gestiofelanitx.com\/wp-content\/uploads\/2015\/02\/hogar_de.pdf\" target=\"_blank\">Allianz Hogar &#8211; Hausrat<\/a><br \/>\n\u00bb <a href=\"https:\/\/www.gestiofelanitx.com\/wp-content\/uploads\/2015\/02\/comunidad-de.pdf\" target=\"_blank\">Allianz Comunidad &#8211; Hausgemeinschaften<\/a><br \/>\n\u00bb <a href=\"https:\/\/www.gestiofelanitx.com\/wp-content\/uploads\/2015\/02\/embarcaciones_de.pdf\" target=\"_blank\">Allianz Embarcaciones &#8211; Wassersportfahrzeuge<\/a><br \/>\n\u00bb <a href=\"https:\/\/www.gestiofelanitx.com\/wp-content\/uploads\/2015\/02\/riesgo_de.pdf\" target=\"_blank\">Allianz Riesgo &#8211; RisikoLeben<\/a>[\/vc_column_text][vc_column_text css=&#8221;.vc_custom_1424082712653{padding-top: 10px !important;padding-right: 10px !important;padding-bottom: 10px !important;padding-left: 10px !important;background-color: #f2f2f2 !important;}&#8221;]<strong>Gesti\u00f3 Felanitx<\/strong> ist der Name der 1992 von Herrn Miguel Luis Ferrer Vaquer gegr\u00fcndeten Versicherungsagentur, deren Ziel es ist eine individuelle und umfassende Versicherungsberatung, sowie spezialisierte Fachberatung einzubringen, um sowohl Privatpersonen, als auch Firmen neue L\u00f6sungen aller Kundenbed\u00fcrfnisse im Gebiet der Versicherungen, Renten-, Spar- und Anlageprodukte anzubieten. Obwohl die Firma im Jahre 1992 gegr\u00fcndet wurde, hat Herr Miguel Luis Vaquer bereits 1975 seine individuelle T\u00e4tigkeit im Versicherungsbereich initiiert.<\/p>\n<p>Mit einem Kundenstock von \u00fcber 3.000 Kunden und einem Erfahrungsschatz von \u00fcber 40\u00a0Jahren arbeiten wir in der Firma <strong>Gesti\u00f3 Felanitx<\/strong>\u00a0weiterhin Tag f\u00fcr Tag, um auf unserer Berufung basierend unseren Werten wie Qualit\u00e4t, Innovation, Effizienz und Kundenorientierung gerecht zu werden. Zugleich erf\u00fcllen wir auch die der Versicherung zustehende soziale Verantwortung, indem wir die Lebensqualit\u00e4t und Sicherheit von Privatpersonen und K\u00f6rperschaften verbessern.<\/p>\n<p>In der Gegenwart besteht das Team von <strong>Gesti\u00f3 Felanitx<\/strong>\u00a0aus einer Gruppe von Fachleuten, die sich in den verschiedenen Bereichen der Versicherungs- und Sparprodukte spezialisiert haben. Somit k\u00f6nnen ihre Kunden auf einer professionellen, verantwortungsvollen und ma\u00dfgeschneiderten Weise \u00fcber diejenigen Produkte beraten werden, die sich am Meisten den individuellen Kundenbed\u00fcrfnissen anpassen.<\/p>\n<p>F\u00fcr die bestm\u00f6gliche Erreichung ihrer Ziele hat Gesti\u00f3 Felanitx ihre T\u00e4tigkeit in Exklusivit\u00e4t mit der weltweit f\u00fchrender Unternehmensgruppe ALLIANZ verkn\u00fcpft, eine der wichtigsten Versicherungsgruppen und Finanzdienstleister auf internationaler Ebene.<\/p>\n<p>Mit Entschlossenheit und \u00dcberzeugung, wof\u00fcr die Versicherungswirtschaft fachliche Spezialisierung und ausschlie\u00dfliche Widmung erfordert, arbeitet die Firma <strong>Gesti\u00f3 Felanitx<\/strong>\u00a0fortw\u00e4hrend an der Verbesserung ihrer Leistungen und strebt nach maximaler Qualit\u00e4t beim Vertragsabschluss und im Bereich der Kundenberatung. Angeboten werden eine breite Produktpalette und umfangreiche Garantien, die durch ALLIANZ, eine f\u00fchrende Versicherungsgruppe mit Erfahrung, Kapazit\u00e4t und Solvenz, gew\u00e4hrleistet werden.<\/p>\n<p><strong>Gesti\u00f3 Felanitx<\/strong>\u00a0bietet ihren Kunden, Privatpersonen und K\u00f6rperschaften die besten, auf dem Markt zur Verf\u00fcgung stehenden Versicherungsl\u00f6sungen, Renten- und Sparpl\u00e4ne an, wobei sie diese den individuellen Kundenbed\u00fcrfnissen anpasst. Die Agentur verf\u00fcgt \u00fcber eine der umfangreichsten und innovativsten Produktlinien, die sich von Angeboten f\u00fcr die Privatsph\u00e4re und der Familie, bis hin zu den unternehmensspezifischen Versicherungsleistungen erstreckt. Unsere Vertr\u00e4ge bieten unseren Kunden Deckung gegen jedm\u00f6gliche Risiken, wobei die Zukunftsplanung der Familien mittels neuartigen und vorteilhaften Sparprodukten, von den einfachsten Basispl\u00e4nen bis zu den komplexeren und personalisierten Versicherungsl\u00f6sungen, gef\u00f6rdert wird.<\/p>\n<p>Im aktuellen Umfeld spielen Sicherheit, Garantie und eine hochwertige professionelle Beratung eine \u00e4u\u00dferst wichtige Rolle. Entsprechend unserer Leistungsstrategie verf\u00fcgen wir in <strong>Gesti\u00f3 Felanitx<\/strong>\u00a0\u00fcber eine spezielle Abteilung, die sich ausschlie\u00dflich der personalisierten Weiterverfolgung der Schadensf\u00e4lle unserer Kunden widmet, da wir davon \u00fcberzeugt sind, dass die Qualit\u00e4t der verschiedenen Versicherungsprodukte gerade im Bereich der effizienten Kundenbetreuung und Bearbeitung von Schadensf\u00e4llen unter Beweis gestellt wird.<\/p>\n<p>Die ALLIANZ-Gruppe ist eine Garantie f\u00fcr Stabilit\u00e4t, St\u00e4rke, Sicherheit, Vertrauen und hochwertige Kundenbetreuung. Gem\u00e4\u00df dem Bonit\u00e4tsrating ist der ALLIANZ-Konzern eine der besten Versicherungsgesellschaften der Welt, der die erforderlichen rechtlichen Voraussetzungen weit \u00fcberschreitet. In Spanien verf\u00fcgt die ALLIANZ-Gruppe \u00fcber 3,8 Millionen Versicherte, welche insgesamt mehr als 6 Millionen Vertr\u00e4ge abgeschlossen haben. Dank ihnen und den ungef\u00e4hr 900.000 Kunden im Bereich der Pensions- und Investmentfonds, wurde die ALLIANZ-Gruppe zum vierten Jahr in Folge durch Kunden und Vermittler zum meist empfohlenen Unternehmen der Versicherungsbranche gew\u00e4hlt (gem\u00e4\u00df dem NPS-Index\/Net Promoter Score).<\/p>\n<p>Durch ein breites Netz von mehr als 13.000 Vermittlern operiert die ALLIANZ-Gruppe in ganz Spanien, von denen die hervorragendsten 100 den sogenannten \u201eKlub der Exzellenz\u201c bilden. Die Firma <strong>Gesti\u00f3 Felanitx<\/strong>\u00a0geh\u00f6rt diesem exklusiven Klub an und agiert seit ihrer Gr\u00fcndung ununterbrochen als hervorragender Versicherungsvermittler des f\u00fchrenden Konzerns.[\/vc_column_text][\/vc_column][\/vc_row]<\/p>\n<\/div>","protected":false},"excerpt":{"rendered":"<p>[vc_row][vc_column width=&#8221;1\/1&#8243;][rev_slider_vc alias=&#8221;speak&#8221;][\/vc_column][\/vc_row][vc_row][vc_column width=&#8221;1\/1&#8243;][vc_text_separator title=&#8221;Allianz in 2 minutes&#8221; title_align=&#8221;separator_align_center&#8221; color=&#8221;blue&#8221; style=&#8221;double&#8221;][vc_raw_html]JTNDdmlkZW8lMjB3aWR0aCUzRCUyMjMyMCUyMiUyMGhlaWdodCUzRCUyMjE4MCUyMiUyMGNvbnRyb2xzJTIwcG9zdGVyJTNEJTIyaHR0cCUzQSUyRiUyRnd3dy5nZXN0aW9mZWxhbml0eC5jb20lMkYlMkZ3cC1jb250ZW50JTJGdXBsb2FkcyUyRjIwMTUlMkYwMyUyRmNhcmF0dWxhLmpwZyUyMiUzRSUwQSUyMCUyMCUwOSUwOSUwOSUwOSUwOSUwOSUwOSUwOSUwOSUwOSUwOSUzQ3NvdXJjZSUyMHNyYyUzRCUyMmh0dHAlM0ElMkYlMkZ3d3cuZ2VzdGlvZmVsYW5pdHguY29tJTJGJTJGd3AtY29udGVudCUyRnVwbG9hZHMlMkYyMDE1JTJGMDMlMkZBbGxpYW56LUhELm1wNCUyMiUyMHR5cGUlM0QlMjJ2aWRlbyUyRm1wNCUyMiUyMCUzRSUwQSUwOSUyMCUyMCUyMCUyMCUyMCUyMCUyMCUyMCUyMCUyMCUyMCUyMCUyMCUyMCUyMCUyMCUyMCUyMCUyMCUyMCUyMCUyMCUyMCUyMCUyMCUyMCUyMCUyMCUyMCUyMCUyMCUyMCUyMCUyMCUyMCUyMCUyMCUyMCUyMCUyMFlvdXIlMjBicm93c2VyJTIwZG9lcyUyMG5vdCUyMHN1cHBvcnQlMjB0aGUlMjB2aWRlbyUyMHRhZy4lMEElMjAlMjAlMjAlMjAlMjAlMjAlMjAlMjAlMjAlMjAlMjAlMjAlMjAlMjAlMjAlMjAlMjAlMjAlMjAlMjAlMjAlMjAlMjAlMjAlMjAlMjAlMjAlMjAlMjAlMjAlMjAlMjAlMjAlMjAlMjAlMjAlMjAlMjAlMjAlMjAlM0MlMkZ2aWRlbyUzRQ==[\/vc_raw_html][\/vc_column][\/vc_row][vc_row][vc_column width=&#8221;1\/2&#8243;][vc_text_separator title=&#8221;We speak English&#8221; title_align=&#8221;separator_align_center&#8221; color=&#8221;blue&#8221; style=&#8221;double&#8221;][vc_column_text]Insurance in your language \u00bb Allianz Auto &#8211; Auto \u00bb Allianz Auto &#8211; Advantages \u00bb Allianz Moto &#8211; Motorbikes \u00bb Allianz Salud &#8211; Health \u00bb Allianz Hogar &#8211; Home \u00bb Allianz Comunidad &#8211; Community of Property Owners \u00bb [&hellip;]<\/p>\n","protected":false},"author":1,"featured_media":0,"parent":0,"menu_order":0,"comment_status":"closed","ping_status":"open","template":"page-empresa.php","meta":{"footnotes":""},"class_list":["post-427","page","type-page","status-publish","hentry","no-featured-image"],"yoast_head":"<!-- This site is optimized with the Yoast SEO plugin v25.7 - https:\/\/yoast.com\/wordpress\/plugins\/seo\/ -->\n<title>We speak English - Wir sprechen Deutsch - Gesti\u00f3 Felanitx<\/title>\n<meta name=\"description\" content=\"Web oficial de Gesti\u00f3 Felanitx, Compa\u00f1\u00eda de Seguros y Reaseguros S.A., Seguros de Coche. Seguros para Particulares y Empresas\" \/>\n<meta name=\"robots\" content=\"index, follow, max-snippet:-1, max-image-preview:large, max-video-preview:-1\" \/>\n<link rel=\"canonical\" href=\"https:\/\/www.gestiofelanitx.com\/ca\/we-speak-english-wir-sprechen-deutsch\/\" \/>\n<meta property=\"og:locale\" content=\"ca_ES\" \/>\n<meta property=\"og:type\" content=\"article\" \/>\n<meta property=\"og:title\" content=\"We speak English - Wir sprechen Deutsch - Gesti\u00f3 Felanitx\" \/>\n<meta property=\"og:description\" content=\"Web oficial de Gesti\u00f3 Felanitx, Compa\u00f1\u00eda de Seguros y Reaseguros S.A., Seguros de Coche. Seguros para Particulares y Empresas\" \/>\n<meta property=\"og:url\" content=\"https:\/\/www.gestiofelanitx.com\/ca\/we-speak-english-wir-sprechen-deutsch\/\" \/>\n<meta property=\"og:site_name\" content=\"Gesti\u00f3 Felanitx\" \/>\n<meta property=\"article:modified_time\" content=\"2015-05-05T09:26:04+00:00\" \/>\n<meta name=\"twitter:label1\" content=\"Temps estimat de lectura\" \/>\n\t<meta name=\"twitter:data1\" content=\"8 minuts\" \/>\n<script type=\"application\/ld+json\" class=\"yoast-schema-graph\">{\"@context\":\"https:\/\/schema.org\",\"@graph\":[{\"@type\":\"WebPage\",\"@id\":\"https:\/\/www.gestiofelanitx.com\/ca\/we-speak-english-wir-sprechen-deutsch\/\",\"url\":\"https:\/\/www.gestiofelanitx.com\/ca\/we-speak-english-wir-sprechen-deutsch\/\",\"name\":\"We speak English - Wir sprechen Deutsch - Gesti\u00f3 Felanitx\",\"isPartOf\":{\"@id\":\"https:\/\/www.gestiofelanitx.com\/#website\"},\"datePublished\":\"2015-01-28T11:48:27+00:00\",\"dateModified\":\"2015-05-05T09:26:04+00:00\",\"description\":\"Web oficial de Gesti\u00f3 Felanitx, Compa\u00f1\u00eda de Seguros y Reaseguros S.A., Seguros de Coche. Seguros para Particulares y Empresas\",\"breadcrumb\":{\"@id\":\"https:\/\/www.gestiofelanitx.com\/ca\/we-speak-english-wir-sprechen-deutsch\/#breadcrumb\"},\"inLanguage\":\"ca\",\"potentialAction\":[{\"@type\":\"ReadAction\",\"target\":[\"https:\/\/www.gestiofelanitx.com\/ca\/we-speak-english-wir-sprechen-deutsch\/\"]}]},{\"@type\":\"BreadcrumbList\",\"@id\":\"https:\/\/www.gestiofelanitx.com\/ca\/we-speak-english-wir-sprechen-deutsch\/#breadcrumb\",\"itemListElement\":[{\"@type\":\"ListItem\",\"position\":1,\"name\":\"Portada\",\"item\":\"https:\/\/www.gestiofelanitx.com\/ca\/\"},{\"@type\":\"ListItem\",\"position\":2,\"name\":\"We speak English &#8211; Wir sprechen Deutsch\"}]},{\"@type\":\"WebSite\",\"@id\":\"https:\/\/www.gestiofelanitx.com\/#website\",\"url\":\"https:\/\/www.gestiofelanitx.com\/\",\"name\":\"Gesti\u00f3 Felanitx\",\"description\":\"Agente exclusivo de ALLIANZ \/ Agent exclusiu d&#039;Allianz\",\"potentialAction\":[{\"@type\":\"SearchAction\",\"target\":{\"@type\":\"EntryPoint\",\"urlTemplate\":\"https:\/\/www.gestiofelanitx.com\/?s={search_term_string}\"},\"query-input\":{\"@type\":\"PropertyValueSpecification\",\"valueRequired\":true,\"valueName\":\"search_term_string\"}}],\"inLanguage\":\"ca\"}]}<\/script>\n<!-- \/ Yoast SEO plugin. -->","yoast_head_json":{"title":"We speak English - Wir sprechen Deutsch - Gesti\u00f3 Felanitx","description":"Web oficial de Gesti\u00f3 Felanitx, Compa\u00f1\u00eda de Seguros y Reaseguros S.A., Seguros de Coche. Seguros para Particulares y Empresas","robots":{"index":"index","follow":"follow","max-snippet":"max-snippet:-1","max-image-preview":"max-image-preview:large","max-video-preview":"max-video-preview:-1"},"canonical":"https:\/\/www.gestiofelanitx.com\/ca\/we-speak-english-wir-sprechen-deutsch\/","og_locale":"ca_ES","og_type":"article","og_title":"We speak English - Wir sprechen Deutsch - Gesti\u00f3 Felanitx","og_description":"Web oficial de Gesti\u00f3 Felanitx, Compa\u00f1\u00eda de Seguros y Reaseguros S.A., Seguros de Coche. Seguros para Particulares y Empresas","og_url":"https:\/\/www.gestiofelanitx.com\/ca\/we-speak-english-wir-sprechen-deutsch\/","og_site_name":"Gesti\u00f3 Felanitx","article_modified_time":"2015-05-05T09:26:04+00:00","twitter_misc":{"Temps estimat de lectura":"8 minuts"},"schema":{"@context":"https:\/\/schema.org","@graph":[{"@type":"WebPage","@id":"https:\/\/www.gestiofelanitx.com\/ca\/we-speak-english-wir-sprechen-deutsch\/","url":"https:\/\/www.gestiofelanitx.com\/ca\/we-speak-english-wir-sprechen-deutsch\/","name":"We speak English - Wir sprechen Deutsch - Gesti\u00f3 Felanitx","isPartOf":{"@id":"https:\/\/www.gestiofelanitx.com\/#website"},"datePublished":"2015-01-28T11:48:27+00:00","dateModified":"2015-05-05T09:26:04+00:00","description":"Web oficial de Gesti\u00f3 Felanitx, Compa\u00f1\u00eda de Seguros y Reaseguros S.A., Seguros de Coche. Seguros para Particulares y Empresas","breadcrumb":{"@id":"https:\/\/www.gestiofelanitx.com\/ca\/we-speak-english-wir-sprechen-deutsch\/#breadcrumb"},"inLanguage":"ca","potentialAction":[{"@type":"ReadAction","target":["https:\/\/www.gestiofelanitx.com\/ca\/we-speak-english-wir-sprechen-deutsch\/"]}]},{"@type":"BreadcrumbList","@id":"https:\/\/www.gestiofelanitx.com\/ca\/we-speak-english-wir-sprechen-deutsch\/#breadcrumb","itemListElement":[{"@type":"ListItem","position":1,"name":"Portada","item":"https:\/\/www.gestiofelanitx.com\/ca\/"},{"@type":"ListItem","position":2,"name":"We speak English &#8211; Wir sprechen Deutsch"}]},{"@type":"WebSite","@id":"https:\/\/www.gestiofelanitx.com\/#website","url":"https:\/\/www.gestiofelanitx.com\/","name":"Gesti\u00f3 Felanitx","description":"Agente exclusivo de ALLIANZ \/ Agent exclusiu d&#039;Allianz","potentialAction":[{"@type":"SearchAction","target":{"@type":"EntryPoint","urlTemplate":"https:\/\/www.gestiofelanitx.com\/?s={search_term_string}"},"query-input":{"@type":"PropertyValueSpecification","valueRequired":true,"valueName":"search_term_string"}}],"inLanguage":"ca"}]}},"_links":{"self":[{"href":"https:\/\/www.gestiofelanitx.com\/ca\/wp-json\/wp\/v2\/pages\/427","targetHints":{"allow":["GET"]}}],"collection":[{"href":"https:\/\/www.gestiofelanitx.com\/ca\/wp-json\/wp\/v2\/pages"}],"about":[{"href":"https:\/\/www.gestiofelanitx.com\/ca\/wp-json\/wp\/v2\/types\/page"}],"author":[{"embeddable":true,"href":"https:\/\/www.gestiofelanitx.com\/ca\/wp-json\/wp\/v2\/users\/1"}],"replies":[{"embeddable":true,"href":"https:\/\/www.gestiofelanitx.com\/ca\/wp-json\/wp\/v2\/comments?post=427"}],"version-history":[{"count":14,"href":"https:\/\/www.gestiofelanitx.com\/ca\/wp-json\/wp\/v2\/pages\/427\/revisions"}],"predecessor-version":[{"id":568,"href":"https:\/\/www.gestiofelanitx.com\/ca\/wp-json\/wp\/v2\/pages\/427\/revisions\/568"}],"wp:attachment":[{"href":"https:\/\/www.gestiofelanitx.com\/ca\/wp-json\/wp\/v2\/media?parent=427"}],"curies":[{"name":"wp","href":"https:\/\/api.w.org\/{rel}","templated":true}]}}